{"id":7103,"date":"2024-10-09T07:17:18","date_gmt":"2024-10-09T07:17:18","guid":{"rendered":"https:\/\/kikoparkrural.com\/activities\/"},"modified":"2025-10-24T11:37:26","modified_gmt":"2025-10-24T11:37:26","slug":"activities","status":"publish","type":"page","link":"https:\/\/kikoparkrural.com\/en\/activities\/","title":{"rendered":"Activities"},"content":{"rendered":"<p>[vc_row content_placement=&#8221;middle&#8221; transparent=&#8221;transparent&#8221; transparent_overlay=&#8221;transparent_film&#8221;][vc_column][vc_column_text el_class=&#8221;reserva_ahora&#8221;]<a href=\"https:\/\/booking.kikoparkrural.com\/search?lang=en\"><span class=\"reserva_ahora_text\">Book now<\/span><\/a>[\/vc_column_text][\/vc_column][\/vc_row][vc_row][vc_column][vc_column_text el_class=&#8221;actividades_intro_titulo&#8221;]Desde el agua hasta las estrellas[\/vc_column_text][vc_column_text el_class=&#8221;actividades_intro_descripcion&#8221;]Tenemos una experiencia para cada esp\u00edritu aventurero.[\/vc_column_text][\/vc_column][\/vc_row][vc_row equal_height=&#8221;yes&#8221; el_class=&#8221;aventura_icon_container_impar aventura_icon_primer_container&#8221;][vc_column width=&#8221;1\/2&#8243; el_class=&#8221;actividades_seccion_texto_imagen&#8221;][vc_images_carousel images=&#8221;8081,8162,8166,8158,8154&#8243; img_size=&#8221;full&#8221; onclick=&#8221;link_no&#8221; wrap=&#8221;yes&#8221;][\/vc_column][vc_column width=&#8221;1\/2&#8243;][vc_column_text el_class=&#8221;actividades_seccion_texto&#8221;]<\/p>\n<div class=\"actividades_seccion_texto\">\n<h2 class=\"actividades_seccion_texto_titulo\">Paddle SUP &amp; traves\u00eda en canoa<\/h2>\n<p class=\"actividades_seccion_texto_descripcion\">Descubre el embalse y r\u00edo Cabriel de una forma diferente. Durante la primavera y el verano, nuestras rutas en paddle SUP y canoa recorren las tranquilas aguas cercanas al camping, permiti\u00e9ndote disfrutar del paisaje desde una perspectiva \u00fanica y refrescante. Una experiencia ideal para conectar con la naturaleza y desconectar del ritmo diario.<\/p>\n<p class=\"actividades_seccion_texto_informacion\"><strong>Dificultad:<\/strong> <img decoding=\"async\" src=\"\/wp-content\/uploads\/sites\/2\/2025\/10\/actividades-dificultad-01.jpg\" alt=\"dificultad 01\"><\/p>\n<p class=\"actividades_seccion_texto_informacion\"><strong>Edad m\u00ednima:<\/strong> 12 a\u00f1os<\/p>\n<p class=\"actividades_seccion_texto_informacion\"><strong>Idiomas:<\/strong> Espa\u00f1ol, Ingl\u00e9s, Franc\u00e9s<\/p>\n<p><a class=\"btn actividades_seccion_texto_boton\" href=\"#\" target=\"_self\" rel=\"noopener noreferrer\"><span class=\"aventura_btn_text\">Contact us<\/span><\/a><\/p>\n<\/div>\n<p>[\/vc_column_text][\/vc_column][\/vc_row][vc_row equal_height=&#8221;yes&#8221; el_class=&#8221;aventura_icon_container_impar aventura_icon_primer_container&#8221;][vc_column width=&#8221;1\/2&#8243;][vc_column_text el_class=&#8221;actividades_seccion_texto&#8221;]<\/p>\n<div class=\"actividades_seccion_texto\">\n<h2 class=\"actividades_seccion_texto_titulo\">Hiking<\/h2>\n<p class=\"actividades_seccion_texto_descripcion\">Rutas guiadas por los rincones m\u00e1s impresionantes del parque natural.<br data-start=\"828\" data-end=\"831\">Durante todo el a\u00f1o, nuestros monitores te acompa\u00f1an a trav\u00e9s de los parajes m\u00e1s espectaculares de Las Hoces del Cabriel, explicando la flora, fauna, geolog\u00eda e hisotria que hacen de este entorno un lugar \u00fanico.<br \/>\nCamina, respira y descubre la naturaleza con nosotros.<\/p>\n<p class=\"actividades_seccion_texto_informacion\"><strong>Dificultad:<\/strong> <img decoding=\"async\" src=\"\/wp-content\/uploads\/sites\/2\/2025\/10\/actividades-dificultad-02.jpg\" alt=\"dificultad 01\"><\/p>\n<p class=\"actividades_seccion_texto_informacion\"><strong>Edad m\u00ednima:<\/strong> 12 a\u00f1os<\/p>\n<p class=\"actividades_seccion_texto_informacion\"><strong>Idiomas:<\/strong> Espa\u00f1ol, Ingl\u00e9s, Franc\u00e9s<\/p>\n<p><a class=\"btn actividades_seccion_texto_boton\" href=\"#\" target=\"_self\" rel=\"noopener noreferrer\"><span class=\"aventura_btn_text\">Contact us<\/span><\/a><\/p>\n<\/div>\n<p>[\/vc_column_text][\/vc_column][vc_column width=&#8221;1\/2&#8243; el_class=&#8221;actividades_seccion_texto_imagen&#8221;][vc_images_carousel images=&#8221;8095,8170,8182,8178,8174&#8243; img_size=&#8221;full&#8221; onclick=&#8221;link_no&#8221; wrap=&#8221;yes&#8221;][\/vc_column][\/vc_row][vc_row equal_height=&#8221;yes&#8221; el_class=&#8221;aventura_icon_container_impar aventura_icon_primer_container&#8221;][vc_column width=&#8221;1\/2&#8243; el_class=&#8221;actividades_seccion_texto_imagen&#8221;][vc_images_carousel images=&#8221;8100,8194,8186,8190,8198&#8243; img_size=&#8221;full&#8221; onclick=&#8221;link_no&#8221; wrap=&#8221;yes&#8221;][\/vc_column][vc_column width=&#8221;1\/2&#8243;][vc_column_text el_class=&#8221;actividades_seccion_texto&#8221;]<\/p>\n<div class=\"actividades_seccion_texto\">\n<h2 class=\"actividades_seccion_texto_titulo\">Stargazing<\/h2>\n<p class=\"actividades_seccion_texto_descripcion\">Una noche bajo las estrellas, en plena naturaleza.<br data-start=\"1195\" data-end=\"1198\">Cuando cae la noche, nuestros monitores Starlight te gu\u00edan en una observaci\u00f3n del cielo estrellado, identificando constelaciones y compartiendo curiosidades astron\u00f3micas. Una actividad m\u00e1gica para adultos y ni\u00f1os, con juegos interactivos para los m\u00e1s peque\u00f1os.<\/p>\n<p class=\"actividades_seccion_texto_informacion\"><strong>Dificultad:<\/strong> <img decoding=\"async\" src=\"\/wp-content\/uploads\/sites\/2\/2025\/10\/actividades-dificultad-01.jpg\" alt=\"dificultad 01\"><\/p>\n<p class=\"actividades_seccion_texto_informacion\"><strong>Edad m\u00ednima:<\/strong> 6 a\u00f1os<\/p>\n<p class=\"actividades_seccion_texto_informacion\"><strong>Idiomas:<\/strong> Espa\u00f1ol, Ingl\u00e9s, Franc\u00e9s<\/p>\n<p><a class=\"btn actividades_seccion_texto_boton\" href=\"#\" target=\"_self\" rel=\"noopener noreferrer\"><span class=\"aventura_btn_text\">Contact us<\/span><\/a><\/p>\n<\/div>\n<p>[\/vc_column_text][\/vc_column][\/vc_row][vc_row full_width=&#8221;stretch_row_content&#8221; color_set=&#8221;black_section&#8221; transparent=&#8221;transparent&#8221; transparent_overlay=&#8221;transparent_film&#8221; el_class=&#8221;banner_kikopark&#8221; css=&#8221;.vc_custom_1760957852555{background: #303030 url(https:\/\/kikoparkrural.com\/wp-content\/uploads\/sites\/2\/2025\/10\/actividades-grupos-1.jpg?id=8130) !important;}&#8221;][vc_column][vc_column_text el_class=&#8221;h1&#8243;]<\/p>\n<h2 class=\"actividades_cta_titulo\">Experiencias<\/h2>\n<p class=\"actividades_cta_descripcion\">Packs para grupos y colegios<\/p>\n<p style=\"text-align: center;\"><a class=\"btn actividades_cta_boton\" href=\"https:\/\/kikoparkrural.com\/en\/groups\/\" target=\"_self\" rel=\"noopener\">Book<\/a><\/p>\n<p>[\/vc_column_text][\/vc_column][\/vc_row][vc_row equal_height=&#8221;yes&#8221; el_class=&#8221;aventura_icon_container_impar aventura_icon_primer_container&#8221;][vc_column width=&#8221;1\/2&#8243;][vc_column_text el_class=&#8221;actividades_seccion_texto&#8221;]<\/p>\n<div class=\"actividades_seccion_texto\">\n<h2 class=\"actividades_seccion_texto_titulo\">Multiactivity<\/h2>\n<p class=\"actividades_seccion_texto_descripcion\">Diversi\u00f3n y adrenalina para todas las edades.<br data-start=\"1592\" data-end=\"1595\">Atr\u00e9vete con nuestro campo de tirolinas y puentes, donde podr\u00e1s superar retos, re\u00edrte en grupo y disfrutar de la naturaleza desde las alturas. Una actividad perfecta para familias y grupos de amigos que buscan un plan activo y diferente.<\/p>\n<p class=\"actividades_seccion_texto_informacion\"><strong>Dificultad:<\/strong> <img decoding=\"async\" src=\"\/wp-content\/uploads\/sites\/2\/2025\/10\/actividades-dificultad-02.jpg\" alt=\"dificultad 01\"><\/p>\n<p class=\"actividades_seccion_texto_informacion\"><strong>Edad m\u00ednima:<\/strong> 12 a\u00f1os<\/p>\n<p class=\"actividades_seccion_texto_informacion\"><strong>Idiomas:<\/strong> Espa\u00f1ol, Ingl\u00e9s, Franc\u00e9s<\/p>\n<p><a class=\"btn actividades_seccion_texto_boton\" href=\"#\" target=\"_self\" rel=\"noopener noreferrer\"><span class=\"aventura_btn_text\">Contact us<\/span><\/a><\/p>\n<\/div>\n<p>[\/vc_column_text][\/vc_column][vc_column width=&#8221;1\/2&#8243; el_class=&#8221;actividades_seccion_texto_imagen&#8221;][vc_images_carousel images=&#8221;8112,8202,8206,8210,8214&#8243; img_size=&#8221;full&#8221; onclick=&#8221;link_no&#8221; wrap=&#8221;yes&#8221;][\/vc_column][\/vc_row][vc_row equal_height=&#8221;yes&#8221; el_class=&#8221;aventura_icon_container_impar aventura_icon_primer_container&#8221;][vc_column width=&#8221;1\/2&#8243; el_class=&#8221;actividades_seccion_texto_imagen&#8221;][vc_images_carousel images=&#8221;8116,8226,8230,8218,8222&#8243; img_size=&#8221;full&#8221; onclick=&#8221;link_no&#8221; wrap=&#8221;yes&#8221;][\/vc_column][vc_column width=&#8221;1\/2&#8243;][vc_column_text el_class=&#8221;actividades_seccion_texto&#8221;]<\/p>\n<div class=\"actividades_seccion_texto\">\n<h2 class=\"actividades_seccion_texto_titulo\">Rafting<\/h2>\n<p class=\"actividades_seccion_texto_descripcion\">Emoci\u00f3n, trabajo en equipo y naturaleza en estado puro.<br data-start=\"1964\" data-end=\"1967\">Desciende unos 20 km de aguas bravas en el coraz\u00f3n del Parque Natural de las Hoces del Cabriel. Nuestros gu\u00edas especializados te acompa\u00f1ar\u00e1n en una experiencia inolvidable, considerada una de las m\u00e1s bonitas de Espa\u00f1a.<\/p>\n<p class=\"actividades_seccion_texto_informacion\"><strong>Dificultad:<\/strong> <img decoding=\"async\" src=\"\/wp-content\/uploads\/sites\/2\/2025\/10\/actividades-dificultad-03.jpg\" alt=\"dificultad 01\"><\/p>\n<p class=\"actividades_seccion_texto_informacion\"><strong>Edad m\u00ednima:<\/strong> 12 a\u00f1os<\/p>\n<p class=\"actividades_seccion_texto_informacion\"><strong>Idiomas:<\/strong> Espa\u00f1ol, Ingl\u00e9s, Franc\u00e9s<\/p>\n<p><a class=\"btn actividades_seccion_texto_boton\" href=\"#\" target=\"_self\" rel=\"noopener noreferrer\"><span class=\"aventura_btn_text\">Contact us<\/span><\/a><\/p>\n<\/div>\n<p>[\/vc_column_text][\/vc_column][\/vc_row][vc_row equal_height=&#8221;yes&#8221; el_class=&#8221;aventura_icon_container_impar aventura_icon_primer_container&#8221;][vc_column width=&#8221;1\/2&#8243;][vc_column_text el_class=&#8221;actividades_seccion_texto&#8221;]<\/p>\n<div class=\"actividades_seccion_texto\">\n<h2 class=\"actividades_seccion_texto_titulo\">Cata de vinos<\/h2>\n<p class=\"actividades_seccion_texto_descripcion\">Una experiencia para los sentidos, con catas guiadas de vinos locales. Pueden realizarse en el propio camping o con visita a la bodega Chozas Carrascal, donde conocer\u00e1s el proceso de elaboraci\u00f3n, la historia y los mitos sobre el vino, y disfrutar\u00e1s de una degustaci\u00f3n entre vi\u00f1edos.<\/p>\n<p class=\"actividades_seccion_texto_informacion\"><strong>Dificultad:<\/strong> <img decoding=\"async\" src=\"\/wp-content\/uploads\/sites\/2\/2025\/10\/actividades-dificultad-01.jpg\" alt=\"dificultad 01\"><\/p>\n<p class=\"actividades_seccion_texto_informacion\"><strong>Edad m\u00ednima:<\/strong> 18 a\u00f1os<\/p>\n<p class=\"actividades_seccion_texto_informacion\"><strong>Idiomas:<\/strong> Espa\u00f1ol, Ingl\u00e9s, Franc\u00e9s<\/p>\n<p><a class=\"btn actividades_seccion_texto_boton\" href=\"#\" target=\"_self\" rel=\"noopener noreferrer\"><span class=\"aventura_btn_text\">Contact us<\/span><\/a><\/p>\n<\/div>\n<p>[\/vc_column_text][\/vc_column][vc_column width=&#8221;1\/2&#8243; el_class=&#8221;actividades_seccion_texto_imagen&#8221;][vc_images_carousel images=&#8221;8121,8238,8234,8242&#8243; img_size=&#8221;full&#8221; onclick=&#8221;link_no&#8221; wrap=&#8221;yes&#8221;][\/vc_column][\/vc_row][vc_row full_width=&#8221;stretch_row_content&#8221; color_set=&#8221;black_section&#8221; transparent=&#8221;transparent&#8221; transparent_overlay=&#8221;transparent_film&#8221; el_class=&#8221;banner_kikopark&#8221; css=&#8221;.vc_custom_1760957819605{background: #303030 url(https:\/\/kikoparkrural.com\/wp-content\/uploads\/sites\/2\/2025\/10\/actividades-alojamientos.jpg?id=8126) !important;}&#8221;][vc_column][vc_column_text el_class=&#8221;h1&#8243;]<\/p>\n<h2 class=\"actividades_cta_titulo\">Alojamientos<\/h2>\n<p class=\"actividades_cta_descripcion\">Pensados para los aventureros<\/p>\n<p style=\"text-align: center;\"><a class=\"btn actividades_cta_boton\" href=\"https:\/\/kikoparkrural.com\/en\/stays\/\" target=\"_self\" rel=\"noopener\">Book<\/a><\/p>\n<p>[\/vc_column_text][\/vc_column][\/vc_row][vc_row equal_height=&#8221;yes&#8221; el_class=&#8221;aventura_icon_container_impar aventura_icon_primer_container&#8221;][vc_column width=&#8221;1\/2&#8243; el_class=&#8221;actividades_seccion_texto_imagen&#8221;][vc_images_carousel images=&#8221;8139&#8243; img_size=&#8221;full&#8221; onclick=&#8221;link_no&#8221; wrap=&#8221;yes&#8221;][\/vc_column][vc_column width=&#8221;1\/2&#8243;][vc_column_text el_class=&#8221;actividades_seccion_texto&#8221;]<\/p>\n<div class=\"actividades_seccion_texto\">\n<h2 class=\"actividades_seccion_texto_titulo\">Rutas a caballo<\/h2>\n<p class=\"actividades_seccion_texto_descripcion\">Naturaleza y calma al ritmo de los cascos. Recorre los senderos del entorno natural de forma tranquila y pausada, disfrutando del contacto con los caballos y del paisaje a un ritmo sereno. Una experiencia perfecta para quienes buscan conectar con la naturaleza desde otra perspectiva.<\/p>\n<p class=\"actividades_seccion_texto_informacion\"><strong>Dificultad:<\/strong> <img decoding=\"async\" src=\"\/wp-content\/uploads\/sites\/2\/2025\/10\/actividades-dificultad-01.jpg\" alt=\"dificultad 01\"><\/p>\n<p class=\"actividades_seccion_texto_informacion\"><strong>Edad m\u00ednima:<\/strong> 12 a\u00f1os<\/p>\n<p class=\"actividades_seccion_texto_informacion\"><strong>Idiomas:<\/strong> Espa\u00f1ol, Ingl\u00e9s, Franc\u00e9s<\/p>\n<p><a class=\"btn actividades_seccion_texto_boton\" href=\"#\" target=\"_self\" rel=\"noopener noreferrer\"><span class=\"aventura_btn_text\">Contact us<\/span><\/a><\/p>\n<\/div>\n<p>[\/vc_column_text][\/vc_column][\/vc_row][vc_row equal_height=&#8221;yes&#8221; el_class=&#8221;aventura_icon_container_impar aventura_icon_primer_container&#8221;][vc_column width=&#8221;1\/2&#8243;][vc_column_text el_class=&#8221;actividades_seccion_texto&#8221;]<\/p>\n<div class=\"actividades_seccion_texto\">\n<h2 class=\"actividades_seccion_texto_titulo\">Roc\u00f3dromo<\/h2>\n<p class=\"actividades_seccion_texto_descripcion\">Escala, supera tus l\u00edmites y divi\u00e9rtete. In\u00edciate en el mundo de la escalada en nuestro roc\u00f3dromo, una actividad segura y divertida para todas las edades. Mejora tu equilibrio y destreza mientras disfrutas de una jornada diferente bajo la supervisi\u00f3n de nuestros monitores.<\/p>\n<p class=\"actividades_seccion_texto_informacion\"><strong>Dificultad:<\/strong> <img decoding=\"async\" src=\"\/wp-content\/uploads\/sites\/2\/2025\/10\/actividades-dificultad-02.jpg\" alt=\"dificultad 01\"><\/p>\n<p class=\"actividades_seccion_texto_informacion\"><strong>Edad m\u00ednima:<\/strong> 12 a\u00f1os<\/p>\n<p class=\"actividades_seccion_texto_informacion\"><strong>Idiomas:<\/strong> Espa\u00f1ol, Ingl\u00e9s, Franc\u00e9s<\/p>\n<p><a class=\"btn actividades_seccion_texto_boton\" href=\"#\" target=\"_self\" rel=\"noopener noreferrer\"><span class=\"aventura_btn_text\">Contact us<\/span><\/a><\/p>\n<\/div>\n<p>[\/vc_column_text][\/vc_column][vc_column width=&#8221;1\/2&#8243; el_class=&#8221;actividades_seccion_texto_imagen&#8221;][vc_images_carousel images=&#8221;8143,8246,8250,8254,8258&#8243; img_size=&#8221;full&#8221; onclick=&#8221;link_no&#8221; wrap=&#8221;yes&#8221;][\/vc_column][\/vc_row][vc_row][vc_column][vc_single_image image=&#8221;7170&#8243; img_size=&#8221;full&#8221; alignment=&#8221;center&#8221; style=&#8221;vc_box_rounded&#8221;][\/vc_column][\/vc_row]<\/p>\n","protected":false},"excerpt":{"rendered":"<p>[vc_row content_placement=&#8221;middle&#8221; transparent=&#8221;transparent&#8221; transparent_overlay=&#8221;transparent_film&#8221;][vc_column][vc_column_text el_class=&#8221;reserva_ahora&#8221;]Book now[\/vc_column_text][\/vc_column][\/vc_row][vc_row][vc_column][vc_column_text el_class=&#8221;actividades_intro_titulo&#8221;]Desde el agua hasta las estrellas[\/vc_column_text][vc_column_text el_class=&#8221;actividades_intro_descripcion&#8221;]Tenemos una experiencia para cada esp\u00edritu aventurero.[\/vc_column_text][\/vc_column][\/vc_row][vc_row equal_height=&#8221;yes&#8221; el_class=&#8221;aventura_icon_container_impar aventura_icon_primer_container&#8221;][vc_column width=&#8221;1\/2&#8243; el_class=&#8221;actividades_seccion_texto_imagen&#8221;][vc_images_carousel images=&#8221;8081,8162,8166,8158,8154&#8243; img_size=&#8221;full&#8221; onclick=&#8221;link_no&#8221; wrap=&#8221;yes&#8221;][\/vc_column][vc_column width=&#8221;1\/2&#8243;][vc_column_text el_class=&#8221;actividades_seccion_texto&#8221;] Paddle SUP &amp; traves\u00eda en canoa Descubre el embalse y r\u00edo Cabriel de una forma diferente. Durante la primavera y el verano, nuestras rutas en [&hellip;]<\/p>\n","protected":false},"author":8,"featured_media":6806,"parent":0,"menu_order":0,"comment_status":"closed","ping_status":"closed","template":"","meta":{"footnotes":""},"yoast_head":"<!-- This site is optimized with the Yoast SEO plugin v22.1 - https:\/\/yoast.com\/wordpress\/plugins\/seo\/ -->\n<title>Activities - KIKOPARK RURAL<\/title>\n<meta name=\"robots\" content=\"index, follow, max-snippet:-1, max-image-preview:large, max-video-preview:-1\" \/>\n<link rel=\"canonical\" href=\"https:\/\/kikoparkrural.com\/en\/activities\/\" \/>\n<meta property=\"og:locale\" content=\"en_US\" \/>\n<meta property=\"og:type\" content=\"article\" \/>\n<meta property=\"og:title\" content=\"Activities - KIKOPARK RURAL\" \/>\n<meta property=\"og:description\" content=\"[vc_row content_placement=&#8221;middle&#8221; transparent=&#8221;transparent&#8221; transparent_overlay=&#8221;transparent_film&#8221;][vc_column][vc_column_text el_class=&#8221;reserva_ahora&#8221;]Book now[\/vc_column_text][\/vc_column][\/vc_row][vc_row][vc_column][vc_column_text el_class=&#8221;actividades_intro_titulo&#8221;]Desde el agua hasta las estrellas[\/vc_column_text][vc_column_text el_class=&#8221;actividades_intro_descripcion&#8221;]Tenemos una experiencia para cada esp\u00edritu aventurero.[\/vc_column_text][\/vc_column][\/vc_row][vc_row equal_height=&#8221;yes&#8221; el_class=&#8221;aventura_icon_container_impar aventura_icon_primer_container&#8221;][vc_column width=&#8221;1\/2&#8243; el_class=&#8221;actividades_seccion_texto_imagen&#8221;][vc_images_carousel images=&#8221;8081,8162,8166,8158,8154&#8243; img_size=&#8221;full&#8221; onclick=&#8221;link_no&#8221; wrap=&#8221;yes&#8221;][\/vc_column][vc_column width=&#8221;1\/2&#8243;][vc_column_text el_class=&#8221;actividades_seccion_texto&#8221;] Paddle SUP &amp; traves\u00eda en canoa Descubre el embalse y r\u00edo Cabriel de una forma diferente. Durante la primavera y el verano, nuestras rutas en [&hellip;]\" \/>\n<meta property=\"og:url\" content=\"https:\/\/kikoparkrural.com\/en\/activities\/\" \/>\n<meta property=\"og:site_name\" content=\"KIKOPARK RURAL\" \/>\n<meta property=\"article:modified_time\" content=\"2025-10-24T11:37:26+00:00\" \/>\n<meta property=\"og:image\" content=\"https:\/\/kikoparkrural.com\/wp-content\/uploads\/sites\/2\/2024\/10\/CABECERA-2.jpg\" \/>\n\t<meta property=\"og:image:width\" content=\"2561\" \/>\n\t<meta property=\"og:image:height\" content=\"782\" \/>\n\t<meta property=\"og:image:type\" content=\"image\/jpeg\" \/>\n<meta name=\"twitter:card\" content=\"summary_large_image\" \/>\n<meta name=\"twitter:label1\" content=\"Est. reading time\" \/>\n\t<meta name=\"twitter:data1\" content=\"6 minutes\" \/>\n<script type=\"application\/ld+json\" class=\"yoast-schema-graph\">{\"@context\":\"https:\/\/schema.org\",\"@graph\":[{\"@type\":\"WebPage\",\"@id\":\"https:\/\/kikoparkrural.com\/en\/activities\/\",\"url\":\"https:\/\/kikoparkrural.com\/en\/activities\/\",\"name\":\"Activities - KIKOPARK RURAL\",\"isPartOf\":{\"@id\":\"https:\/\/kikoparkrural.com\/#website\"},\"datePublished\":\"2024-10-09T07:17:18+00:00\",\"dateModified\":\"2025-10-24T11:37:26+00:00\",\"breadcrumb\":{\"@id\":\"https:\/\/kikoparkrural.com\/en\/activities\/#breadcrumb\"},\"inLanguage\":\"en-US\",\"potentialAction\":[{\"@type\":\"ReadAction\",\"target\":[\"https:\/\/kikoparkrural.com\/en\/activities\/\"]}]},{\"@type\":\"BreadcrumbList\",\"@id\":\"https:\/\/kikoparkrural.com\/en\/activities\/#breadcrumb\",\"itemListElement\":[{\"@type\":\"ListItem\",\"position\":1,\"name\":\"Portada\",\"item\":\"https:\/\/kikoparkrural.com\/en\/\"},{\"@type\":\"ListItem\",\"position\":2,\"name\":\"Activities\"}]},{\"@type\":\"WebSite\",\"@id\":\"https:\/\/kikoparkrural.com\/#website\",\"url\":\"https:\/\/kikoparkrural.com\/\",\"name\":\"KIKOPARK RURAL\",\"description\":\"Kikopark Rural Web Site\",\"potentialAction\":[{\"@type\":\"SearchAction\",\"target\":{\"@type\":\"EntryPoint\",\"urlTemplate\":\"https:\/\/kikoparkrural.com\/?s={search_term_string}\"},\"query-input\":\"required name=search_term_string\"}],\"inLanguage\":\"en-US\"}]}<\/script>\n<!-- \/ Yoast SEO plugin. -->","yoast_head_json":{"title":"Activities - KIKOPARK RURAL","robots":{"index":"index","follow":"follow","max-snippet":"max-snippet:-1","max-image-preview":"max-image-preview:large","max-video-preview":"max-video-preview:-1"},"canonical":"https:\/\/kikoparkrural.com\/en\/activities\/","og_locale":"en_US","og_type":"article","og_title":"Activities - KIKOPARK RURAL","og_description":"[vc_row content_placement=&#8221;middle&#8221; transparent=&#8221;transparent&#8221; transparent_overlay=&#8221;transparent_film&#8221;][vc_column][vc_column_text el_class=&#8221;reserva_ahora&#8221;]Book now[\/vc_column_text][\/vc_column][\/vc_row][vc_row][vc_column][vc_column_text el_class=&#8221;actividades_intro_titulo&#8221;]Desde el agua hasta las estrellas[\/vc_column_text][vc_column_text el_class=&#8221;actividades_intro_descripcion&#8221;]Tenemos una experiencia para cada esp\u00edritu aventurero.[\/vc_column_text][\/vc_column][\/vc_row][vc_row equal_height=&#8221;yes&#8221; el_class=&#8221;aventura_icon_container_impar aventura_icon_primer_container&#8221;][vc_column width=&#8221;1\/2&#8243; el_class=&#8221;actividades_seccion_texto_imagen&#8221;][vc_images_carousel images=&#8221;8081,8162,8166,8158,8154&#8243; img_size=&#8221;full&#8221; onclick=&#8221;link_no&#8221; wrap=&#8221;yes&#8221;][\/vc_column][vc_column width=&#8221;1\/2&#8243;][vc_column_text el_class=&#8221;actividades_seccion_texto&#8221;] Paddle SUP &amp; traves\u00eda en canoa Descubre el embalse y r\u00edo Cabriel de una forma diferente. Durante la primavera y el verano, nuestras rutas en [&hellip;]","og_url":"https:\/\/kikoparkrural.com\/en\/activities\/","og_site_name":"KIKOPARK RURAL","article_modified_time":"2025-10-24T11:37:26+00:00","og_image":[{"width":2561,"height":782,"url":"https:\/\/kikoparkrural.com\/wp-content\/uploads\/sites\/2\/2024\/10\/CABECERA-2.jpg","type":"image\/jpeg"}],"twitter_card":"summary_large_image","twitter_misc":{"Est. reading time":"6 minutes"},"schema":{"@context":"https:\/\/schema.org","@graph":[{"@type":"WebPage","@id":"https:\/\/kikoparkrural.com\/en\/activities\/","url":"https:\/\/kikoparkrural.com\/en\/activities\/","name":"Activities - KIKOPARK RURAL","isPartOf":{"@id":"https:\/\/kikoparkrural.com\/#website"},"datePublished":"2024-10-09T07:17:18+00:00","dateModified":"2025-10-24T11:37:26+00:00","breadcrumb":{"@id":"https:\/\/kikoparkrural.com\/en\/activities\/#breadcrumb"},"inLanguage":"en-US","potentialAction":[{"@type":"ReadAction","target":["https:\/\/kikoparkrural.com\/en\/activities\/"]}]},{"@type":"BreadcrumbList","@id":"https:\/\/kikoparkrural.com\/en\/activities\/#breadcrumb","itemListElement":[{"@type":"ListItem","position":1,"name":"Portada","item":"https:\/\/kikoparkrural.com\/en\/"},{"@type":"ListItem","position":2,"name":"Activities"}]},{"@type":"WebSite","@id":"https:\/\/kikoparkrural.com\/#website","url":"https:\/\/kikoparkrural.com\/","name":"KIKOPARK RURAL","description":"Kikopark Rural Web Site","potentialAction":[{"@type":"SearchAction","target":{"@type":"EntryPoint","urlTemplate":"https:\/\/kikoparkrural.com\/?s={search_term_string}"},"query-input":"required name=search_term_string"}],"inLanguage":"en-US"}]}},"_links":{"self":[{"href":"https:\/\/kikoparkrural.com\/en\/wp-json\/wp\/v2\/pages\/7103"}],"collection":[{"href":"https:\/\/kikoparkrural.com\/en\/wp-json\/wp\/v2\/pages"}],"about":[{"href":"https:\/\/kikoparkrural.com\/en\/wp-json\/wp\/v2\/types\/page"}],"author":[{"embeddable":true,"href":"https:\/\/kikoparkrural.com\/en\/wp-json\/wp\/v2\/users\/8"}],"replies":[{"embeddable":true,"href":"https:\/\/kikoparkrural.com\/en\/wp-json\/wp\/v2\/comments?post=7103"}],"version-history":[{"count":9,"href":"https:\/\/kikoparkrural.com\/en\/wp-json\/wp\/v2\/pages\/7103\/revisions"}],"predecessor-version":[{"id":8267,"href":"https:\/\/kikoparkrural.com\/en\/wp-json\/wp\/v2\/pages\/7103\/revisions\/8267"}],"wp:featuredmedia":[{"embeddable":true,"href":"https:\/\/kikoparkrural.com\/en\/wp-json\/wp\/v2\/media\/6806"}],"wp:attachment":[{"href":"https:\/\/kikoparkrural.com\/en\/wp-json\/wp\/v2\/media?parent=7103"}],"curies":[{"name":"wp","href":"https:\/\/api.w.org\/{rel}","templated":true}]}}