{"id":7329,"date":"2024-10-25T06:14:25","date_gmt":"2024-10-25T06:14:25","guid":{"rendered":"https:\/\/kikoparkrural.com\/gruppen\/"},"modified":"2026-03-23T14:25:14","modified_gmt":"2026-03-23T14:25:14","slug":"gruppen","status":"publish","type":"page","link":"https:\/\/kikoparkrural.com\/de\/gruppen\/","title":{"rendered":"Aktivit\u00e4ten f\u00fcr Gruppen"},"content":{"rendered":"<p>[vc_row][vc_column][vc_column_text el_class=&#8220;reserva_ahora&#8220;]<a href=\"mailto:rural@kikopark.com\"><span class=\"reserva_ahora_text\">Kontaktieren Sie uns<\/span><\/a>[\/vc_column_text][\/vc_column][\/vc_row][vc_row][vc_column][vc_column_text el_class=&#8220;gastronomia_text entorno_text&#8220;]Versammeln Sie Ihre <strong>Gruppe<\/strong> und genie\u00dfen Sie einen Aufenthalt im Freien auf unserem l\u00e4ndlichen Campingplatz Kikopark, der voller <strong>Abenteueraktivit\u00e4ten<\/strong> ist, die es Ihnen erm\u00f6glichen, Ihre Grenzen herauszufordern.<\/p>\n<p>Unsere <strong>Gruppenpakete<\/strong> sind f\u00fcr <strong>Schulen, Unternehmen, Vereine, Freundesgruppen<\/strong> und generell f\u00fcr alle gedacht, die ein unvergessliches Erlebnis in der nat\u00fcrlichen Umgebung von <strong>Hoces del Cabriel<\/strong> erleben m\u00f6chten.[\/vc_column_text][\/vc_column][\/vc_row][vc_row gap=&#8220;10&#8243; transparent=&#8220;transparent&#8220; row_padding_top=&#8220;padding_top_none&#8220; row_padding_bottom=&#8220;padding_bottom_none&#8220; el_class=&#8220;hovers_box&#8220;][vc_column width=&#8220;1\/4&#8243;]<!-- ========================== HOVER BOX ==========================-->\n\n<div style=\"background-image: url('https:\/\/kikoparkrural.com\/wp-content\/uploads\/sites\/2\/2024\/11\/Grupo-965.jpg')\" class=\"hoverbox wpb_content_element black_section neutralize_links stretchy_wrapper ratio_2-3 round_corner \">\n<div class=\"hoverbox_tran black_section transparent_film\"><\/div>\n\t<a href=\"https:\/\/kikoparkrural.com\/wp-content\/uploads\/sites\/2\/2026\/03\/PACK-ESQUIROL-KIKOPARK-RURAL.pdf\">\n\t\t<div class=\"hoverbox_icon\">\n\t\t\t<img decoding=\"async\" src=\"https:\/\/kikoparkrural.com\/wp-content\/uploads\/sites\/2\/2023\/11\/logo-kikopark.svg\" alt=\"\">\n\t\t<\/div>\n\t\t<div class=\"hoverbox_title\">\n\t\t\t<h2>Esquirol Pack<\/h2>\n\t\t<\/div>\n\t\t<div class=\"hoverbox_paragraph\">\n\t\t\t<p><\/p>\n<div class=\"kampexperience_aventura_der\">\n<p class=\"kampexperience_text\">Das perfekte Paket f\u00fcr alle, die Abenteuer in all seinen Varianten m\u00f6gen. Das Paket beinhaltet ein Multiabenteuer-Erlebnis mit einer Seilrutsche und H\u00e4ngebr\u00fccken.<\/p>\n<\/div>\n<p><\/p>\n\t\t<\/div>\n\t<\/a>\t\n<\/div>\n\n<!-- END======================= HOVER BOX ==========================-->[\/vc_column][vc_column width=&#8220;1\/4&#8243;]<!-- ========================== HOVER BOX ==========================-->\n\n<div style=\"background-image: url('https:\/\/kikoparkrural.com\/wp-content\/uploads\/sites\/2\/2024\/11\/CORB-MARI-1.jpg')\" class=\"hoverbox wpb_content_element black_section neutralize_links stretchy_wrapper ratio_2-3 round_corner \">\n<div class=\"hoverbox_tran black_section transparent_film\"><\/div>\n\t<a href=\"https:\/\/kikoparkrural.com\/wp-content\/uploads\/sites\/2\/2026\/03\/PACK-CORB-MARI-KIKOPARK-RURAL.pdf\">\n\t\t<div class=\"hoverbox_icon\">\n\t\t\t<img decoding=\"async\" src=\"https:\/\/kikoparkrural.com\/wp-content\/uploads\/sites\/2\/2023\/11\/logo-kikopark.svg\" alt=\"\">\n\t\t<\/div>\n\t\t<div class=\"hoverbox_title\">\n\t\t\t<h2>Corb Mar\u00ed Pack<\/h2>\n\t\t<\/div>\n\t\t<div class=\"hoverbox_paragraph\">\n\t\t\t<p><\/p>\n<p class=\"p1\">Egal, ob Sie Paddel-Sup oder Kanu bevorzugen, mit diesem Pack k\u00f6nnen Sie Ihre besten Wasserf\u00e4higkeiten im Contreras-Stausee genie\u00dfen.<\/p>\n<p><\/p>\n\t\t<\/div>\n\t<\/a>\t\n<\/div>\n\n<!-- END======================= HOVER BOX ==========================-->[\/vc_column][vc_column width=&#8220;1\/4&#8243;]<!-- ========================== HOVER BOX ==========================-->\n\n<div style=\"background-image: url('https:\/\/kikoparkrural.com\/wp-content\/uploads\/sites\/2\/2024\/11\/NUTRIA-1.jpg')\" class=\"hoverbox wpb_content_element black_section neutralize_links stretchy_wrapper ratio_2-3 round_corner \">\n<div class=\"hoverbox_tran black_section transparent_film\"><\/div>\n\t<a href=\"https:\/\/kikoparkrural.com\/wp-content\/uploads\/sites\/2\/2026\/03\/PACK-NUTRIA-KIKOPARK-RURAL.pdf\">\n\t\t<div class=\"hoverbox_icon\">\n\t\t\t<img decoding=\"async\" src=\"https:\/\/kikoparkrural.com\/wp-content\/uploads\/sites\/2\/2023\/11\/logo-kikopark.svg\" alt=\"\">\n\t\t<\/div>\n\t\t<div class=\"hoverbox_title\">\n\t\t\t<h2>Nutria Pack<\/h2>\n\t\t<\/div>\n\t\t<div class=\"hoverbox_paragraph\">\n\t\t\t<p><\/p>\n<p class=\"p1\">Wenn Sie auf der Suche nach einem Erlebnis voller Adrenalin sind, empfehlen wir Ihnen dieses Pack. Entdecken Sie jeden Winkel des Cabriel River, der durch seine schroffen Gew\u00e4sser hinabflie\u00dft.<\/p>\n<p><\/p>\n\t\t<\/div>\n\t<\/a>\t\n<\/div>\n\n<!-- END======================= HOVER BOX ==========================-->[\/vc_column][vc_column width=&#8220;1\/4&#8243;]<!-- ========================== HOVER BOX ==========================-->\n\n<div style=\"background-image: url('https:\/\/kikoparkrural.com\/wp-content\/uploads\/sites\/2\/2024\/11\/CABRIEL.jpg')\" class=\"hoverbox wpb_content_element black_section neutralize_links stretchy_wrapper ratio_2-3 round_corner \">\n<div class=\"hoverbox_tran black_section transparent_film\"><\/div>\n\t<a href=\"https:\/\/kikoparkrural.com\/wp-content\/uploads\/sites\/2\/2026\/03\/CABRIEL-EXPERIENCE-KIKOPARK-RURAL.pdf\">\n\t\t<div class=\"hoverbox_icon\">\n\t\t\t<img decoding=\"async\" src=\"https:\/\/kikoparkrural.com\/wp-content\/uploads\/sites\/2\/2023\/11\/logo-kikopark.svg\" alt=\"\">\n\t\t<\/div>\n\t\t<div class=\"hoverbox_title\">\n\t\t\t<h2>Cabriel Experience Pack<\/h2>\n\t\t<\/div>\n\t\t<div class=\"hoverbox_paragraph\">\n\t\t\t<p><\/p>\n<p class=\"p1\">Mit dem Cabriel Experience-Pack m\u00fcssen Sie sich nicht entscheiden, denn darin finden Sie alle Aktivit\u00e4ten, die wir im Kikopark Rural anbieten. Sie k\u00f6nnen vier Outdoor-Aktivit\u00e4ten voller Spannung genie\u00dfen.<\/p>\n<p><\/p>\n\t\t<\/div>\n\t<\/a>\t\n<\/div>\n\n<!-- END======================= HOVER BOX ==========================-->[\/vc_column][\/vc_row][vc_row][vc_column][vc_column_text el_class=&#8220;gastronomia_text entorno_text&#8220;]Wir bieten verschiedene Arten von <strong>Erlebnispaketen<\/strong> an, bei denen Sie je nach Dauer Ihres Aufenthalts eine Vielzahl von <strong>Aktivit\u00e4ten genie\u00dfen k\u00f6nnen<\/strong>, die auf Ihre Bed\u00fcrfnisse und Vorlieben zugeschnitten sind.<\/p>\n<p>Dar\u00fcber hinaus verf\u00fcgen wir \u00fcber die <strong>beste Ausr\u00fcstung<\/strong>, die alle erforderlichen <strong>Sicherheitsstandards<\/strong> erf\u00fcllt. Von Helmen, Rudern und Schwimmwesten bis hin zu hochwertigen Booten \u2013 alles ist darauf ausgelegt, Ihnen absolute Sicherheit zu garantieren.<\/p>\n<p>Unser Team besteht aus <strong>zertifizierten und hochqualifizierten Ausbildern<\/strong> \u2013 Profis, die Ihr Abenteuer zu einem sicheren und unterhaltsamen Erlebnis machen werden.<\/p>\n<p>Trommelt eure Gruppe zusammen und macht euch bereit f\u00fcr einzigartige Momente inmitten der Natur![\/vc_column_text][\/vc_column][\/vc_row][vc_row][vc_column][vc_empty_space height=&#8220;50px&#8220;][\/vc_column][vc_column][vc_video link=&#8220;https:\/\/youtu.be\/c-DZnZO-El0?si=1QS9OcV5Vvfr-Kb7&#8243;][\/vc_column][\/vc_row]<\/p>\n","protected":false},"excerpt":{"rendered":"<p>[vc_row][vc_column][vc_column_text el_class=&#8220;reserva_ahora&#8220;]Kontaktieren Sie uns[\/vc_column_text][\/vc_column][\/vc_row][vc_row][vc_column][vc_column_text el_class=&#8220;gastronomia_text entorno_text&#8220;]Versammeln Sie Ihre Gruppe und genie\u00dfen Sie einen Aufenthalt im Freien auf unserem l\u00e4ndlichen Campingplatz Kikopark, der voller Abenteueraktivit\u00e4ten ist, die es Ihnen erm\u00f6glichen, Ihre Grenzen herauszufordern. Unsere Gruppenpakete sind f\u00fcr Schulen, Unternehmen, Vereine, Freundesgruppen und generell f\u00fcr alle gedacht, die ein unvergessliches Erlebnis in der nat\u00fcrlichen Umgebung von Hoces [&hellip;]<\/p>\n","protected":false},"author":8,"featured_media":7280,"parent":0,"menu_order":0,"comment_status":"closed","ping_status":"closed","template":"","meta":{"footnotes":""},"yoast_head":"<!-- This site is optimized with the Yoast SEO plugin v22.1 - https:\/\/yoast.com\/wordpress\/plugins\/seo\/ -->\n<title>Aktivit\u00e4ten f\u00fcr Gruppen - KIKOPARK RURAL<\/title>\n<meta name=\"robots\" content=\"index, follow, max-snippet:-1, max-image-preview:large, max-video-preview:-1\" \/>\n<link rel=\"canonical\" href=\"https:\/\/kikoparkrural.com\/de\/gruppen\/\" \/>\n<meta property=\"og:locale\" content=\"de_DE\" \/>\n<meta property=\"og:type\" content=\"article\" \/>\n<meta property=\"og:title\" content=\"Aktivit\u00e4ten f\u00fcr Gruppen - KIKOPARK RURAL\" \/>\n<meta property=\"og:description\" content=\"[vc_row][vc_column][vc_column_text el_class=&#8220;reserva_ahora&#8220;]Kontaktieren Sie uns[\/vc_column_text][\/vc_column][\/vc_row][vc_row][vc_column][vc_column_text el_class=&#8220;gastronomia_text entorno_text&#8220;]Versammeln Sie Ihre Gruppe und genie\u00dfen Sie einen Aufenthalt im Freien auf unserem l\u00e4ndlichen Campingplatz Kikopark, der voller Abenteueraktivit\u00e4ten ist, die es Ihnen erm\u00f6glichen, Ihre Grenzen herauszufordern. Unsere Gruppenpakete sind f\u00fcr Schulen, Unternehmen, Vereine, Freundesgruppen und generell f\u00fcr alle gedacht, die ein unvergessliches Erlebnis in der nat\u00fcrlichen Umgebung von Hoces [&hellip;]\" \/>\n<meta property=\"og:url\" content=\"https:\/\/kikoparkrural.com\/de\/gruppen\/\" \/>\n<meta property=\"og:site_name\" content=\"KIKOPARK RURAL\" \/>\n<meta property=\"article:modified_time\" content=\"2026-03-23T14:25:14+00:00\" \/>\n<meta property=\"og:image\" content=\"https:\/\/kikoparkrural.com\/wp-content\/uploads\/sites\/2\/2024\/10\/CABECERA-1-2.jpg\" \/>\n\t<meta property=\"og:image:width\" content=\"1280\" \/>\n\t<meta property=\"og:image:height\" content=\"466\" \/>\n\t<meta property=\"og:image:type\" content=\"image\/jpeg\" \/>\n<meta name=\"twitter:card\" content=\"summary_large_image\" \/>\n<meta name=\"twitter:label1\" content=\"Gesch\u00e4tzte Lesezeit\" \/>\n\t<meta name=\"twitter:data1\" content=\"3 Minuten\" \/>\n<script type=\"application\/ld+json\" class=\"yoast-schema-graph\">{\"@context\":\"https:\/\/schema.org\",\"@graph\":[{\"@type\":\"WebPage\",\"@id\":\"https:\/\/kikoparkrural.com\/de\/gruppen\/\",\"url\":\"https:\/\/kikoparkrural.com\/de\/gruppen\/\",\"name\":\"Aktivit\u00e4ten f\u00fcr Gruppen - KIKOPARK RURAL\",\"isPartOf\":{\"@id\":\"https:\/\/kikoparkrural.com\/#website\"},\"datePublished\":\"2024-10-25T06:14:25+00:00\",\"dateModified\":\"2026-03-23T14:25:14+00:00\",\"breadcrumb\":{\"@id\":\"https:\/\/kikoparkrural.com\/de\/gruppen\/#breadcrumb\"},\"inLanguage\":\"de-DE\",\"potentialAction\":[{\"@type\":\"ReadAction\",\"target\":[\"https:\/\/kikoparkrural.com\/de\/gruppen\/\"]}]},{\"@type\":\"BreadcrumbList\",\"@id\":\"https:\/\/kikoparkrural.com\/de\/gruppen\/#breadcrumb\",\"itemListElement\":[{\"@type\":\"ListItem\",\"position\":1,\"name\":\"Portada\",\"item\":\"https:\/\/kikoparkrural.com\/de\/\"},{\"@type\":\"ListItem\",\"position\":2,\"name\":\"Aktivit\u00e4ten f\u00fcr Gruppen\"}]},{\"@type\":\"WebSite\",\"@id\":\"https:\/\/kikoparkrural.com\/#website\",\"url\":\"https:\/\/kikoparkrural.com\/\",\"name\":\"KIKOPARK RURAL\",\"description\":\"Kikopark Rural Web Site\",\"potentialAction\":[{\"@type\":\"SearchAction\",\"target\":{\"@type\":\"EntryPoint\",\"urlTemplate\":\"https:\/\/kikoparkrural.com\/?s={search_term_string}\"},\"query-input\":\"required name=search_term_string\"}],\"inLanguage\":\"de-DE\"}]}<\/script>\n<!-- \/ Yoast SEO plugin. -->","yoast_head_json":{"title":"Aktivit\u00e4ten f\u00fcr Gruppen - KIKOPARK RURAL","robots":{"index":"index","follow":"follow","max-snippet":"max-snippet:-1","max-image-preview":"max-image-preview:large","max-video-preview":"max-video-preview:-1"},"canonical":"https:\/\/kikoparkrural.com\/de\/gruppen\/","og_locale":"de_DE","og_type":"article","og_title":"Aktivit\u00e4ten f\u00fcr Gruppen - KIKOPARK RURAL","og_description":"[vc_row][vc_column][vc_column_text el_class=&#8220;reserva_ahora&#8220;]Kontaktieren Sie uns[\/vc_column_text][\/vc_column][\/vc_row][vc_row][vc_column][vc_column_text el_class=&#8220;gastronomia_text entorno_text&#8220;]Versammeln Sie Ihre Gruppe und genie\u00dfen Sie einen Aufenthalt im Freien auf unserem l\u00e4ndlichen Campingplatz Kikopark, der voller Abenteueraktivit\u00e4ten ist, die es Ihnen erm\u00f6glichen, Ihre Grenzen herauszufordern. Unsere Gruppenpakete sind f\u00fcr Schulen, Unternehmen, Vereine, Freundesgruppen und generell f\u00fcr alle gedacht, die ein unvergessliches Erlebnis in der nat\u00fcrlichen Umgebung von Hoces [&hellip;]","og_url":"https:\/\/kikoparkrural.com\/de\/gruppen\/","og_site_name":"KIKOPARK RURAL","article_modified_time":"2026-03-23T14:25:14+00:00","og_image":[{"width":1280,"height":466,"url":"https:\/\/kikoparkrural.com\/wp-content\/uploads\/sites\/2\/2024\/10\/CABECERA-1-2.jpg","type":"image\/jpeg"}],"twitter_card":"summary_large_image","twitter_misc":{"Gesch\u00e4tzte Lesezeit":"3 Minuten"},"schema":{"@context":"https:\/\/schema.org","@graph":[{"@type":"WebPage","@id":"https:\/\/kikoparkrural.com\/de\/gruppen\/","url":"https:\/\/kikoparkrural.com\/de\/gruppen\/","name":"Aktivit\u00e4ten f\u00fcr Gruppen - KIKOPARK RURAL","isPartOf":{"@id":"https:\/\/kikoparkrural.com\/#website"},"datePublished":"2024-10-25T06:14:25+00:00","dateModified":"2026-03-23T14:25:14+00:00","breadcrumb":{"@id":"https:\/\/kikoparkrural.com\/de\/gruppen\/#breadcrumb"},"inLanguage":"de-DE","potentialAction":[{"@type":"ReadAction","target":["https:\/\/kikoparkrural.com\/de\/gruppen\/"]}]},{"@type":"BreadcrumbList","@id":"https:\/\/kikoparkrural.com\/de\/gruppen\/#breadcrumb","itemListElement":[{"@type":"ListItem","position":1,"name":"Portada","item":"https:\/\/kikoparkrural.com\/de\/"},{"@type":"ListItem","position":2,"name":"Aktivit\u00e4ten f\u00fcr Gruppen"}]},{"@type":"WebSite","@id":"https:\/\/kikoparkrural.com\/#website","url":"https:\/\/kikoparkrural.com\/","name":"KIKOPARK RURAL","description":"Kikopark Rural Web Site","potentialAction":[{"@type":"SearchAction","target":{"@type":"EntryPoint","urlTemplate":"https:\/\/kikoparkrural.com\/?s={search_term_string}"},"query-input":"required name=search_term_string"}],"inLanguage":"de-DE"}]}},"_links":{"self":[{"href":"https:\/\/kikoparkrural.com\/de\/wp-json\/wp\/v2\/pages\/7329"}],"collection":[{"href":"https:\/\/kikoparkrural.com\/de\/wp-json\/wp\/v2\/pages"}],"about":[{"href":"https:\/\/kikoparkrural.com\/de\/wp-json\/wp\/v2\/types\/page"}],"author":[{"embeddable":true,"href":"https:\/\/kikoparkrural.com\/de\/wp-json\/wp\/v2\/users\/8"}],"replies":[{"embeddable":true,"href":"https:\/\/kikoparkrural.com\/de\/wp-json\/wp\/v2\/comments?post=7329"}],"version-history":[{"count":21,"href":"https:\/\/kikoparkrural.com\/de\/wp-json\/wp\/v2\/pages\/7329\/revisions"}],"predecessor-version":[{"id":8375,"href":"https:\/\/kikoparkrural.com\/de\/wp-json\/wp\/v2\/pages\/7329\/revisions\/8375"}],"wp:featuredmedia":[{"embeddable":true,"href":"https:\/\/kikoparkrural.com\/de\/wp-json\/wp\/v2\/media\/7280"}],"wp:attachment":[{"href":"https:\/\/kikoparkrural.com\/de\/wp-json\/wp\/v2\/media?parent=7329"}],"curies":[{"name":"wp","href":"https:\/\/api.w.org\/{rel}","templated":true}]}}