{"id":7134,"date":"2024-10-09T07:43:43","date_gmt":"2024-10-09T07:43:43","guid":{"rendered":"https:\/\/kikoparkrural.com\/gastronomie\/"},"modified":"2024-10-09T11:17:36","modified_gmt":"2024-10-09T11:17:36","slug":"gastronomie","status":"publish","type":"page","link":"https:\/\/kikoparkrural.com\/de\/gastronomie\/","title":{"rendered":"Gastronomie"},"content":{"rendered":"<p>[vc_row][vc_column][vc_column_text el_class=&#8220;rooms_titles_premium_plus gastronomia_title&#8220;]Innengastronomie[\/vc_column_text][vc_column_text el_class=&#8220;gastronomia_text entorno_text&#8220;]Genie\u00dfen Sie unsere valencianische Innenk\u00fcche mit deutlich mediterranem Einfluss. Reis, Fleisch, Fisch, Burger&#8230; immer nach traditioneller guter Arbeit.[\/vc_column_text][\/vc_column][\/vc_row][vc_row el_class=&#8220;room_info&#8220;][vc_column width=&#8220;1\/2&#8243;][vc_column_text]<\/p>\n<div class=\"kampexperience_aventura_der\">\n<h2 class=\"kampexperience_title\">Das Restaurant<\/h2>\n<p class=\"kampexperience_text\">Unser Restaurant, ein offener Raum mit Innenlounge, \u00fcberdachter Terrasse mit Blick auf den Pool und Au\u00dfenterrasse. Der perfekte Ort, um unsere K\u00fcche zu genie\u00dfen und vor allem einen angenehmen Abend zu verbringen.<\/p>\n<p class=\"kampexperience_text\">Reservieren Sie Ihren Tisch unter der Rufnummer 627 80 25 74.<\/p>\n<p class=\"kampexperience_text\">Wir haben das ganze Jahr \u00fcber ge\u00f6ffnet!<\/p>\n<\/div>\n<p>[\/vc_column_text][\/vc_column][vc_column width=&#8220;1\/2&#8243; el_class=&#8220;aventura_img_der&#8220;][vc_single_image image=&#8220;6905&#8243; img_size=&#8220;full&#8220;][\/vc_column][\/vc_row][vc_row el_class=&#8220;room_info_slider&#8220;][vc_column width=&#8220;1\/2&#8243; el_class=&#8220;kampexperience_carrusel&#8220;][vc_images_carousel images=&#8220;6885,6889,6893,6897,6901&#8243; img_size=&#8220;full&#8220; onclick=&#8220;link_no&#8220; wrap=&#8220;yes&#8220;][\/vc_column][vc_column width=&#8220;1\/2&#8243; el_class=&#8220;kampexperience_texto_derecha&#8220;][vc_column_text el_class=&#8220;kampexperience_text_slider&#8220;]<\/p>\n<div class=\"kampexperience_aventura_der\">\n<h2 class=\"kampexperience_title\">Besondere Veranstaltungen<\/h2>\n<p class=\"kampexperience_text\">An bestimmten Terminen veranstalten wir thematische Mittag- und Abendessen, zum Beispiel an Halloween, San Juan, Weihnachten, Valentinstag&#8230;<\/p>\n<p class=\"kampexperience_text\">Dar\u00fcber hinaus k\u00f6nnen wir unsere Men\u00fcs an Ihre besonderen Anl\u00e4sse anpassen. Erfahren Sie mehr, indem Sie uns telefonisch oder in unseren sozialen Netzwerken anrufen.<\/p>\n<\/div>\n<p>[\/vc_column_text][\/vc_column][\/vc_row]<\/p>\n","protected":false},"excerpt":{"rendered":"<p>[vc_row][vc_column][vc_column_text el_class=&#8220;rooms_titles_premium_plus gastronomia_title&#8220;]Innengastronomie[\/vc_column_text][vc_column_text el_class=&#8220;gastronomia_text entorno_text&#8220;]Genie\u00dfen Sie unsere valencianische Innenk\u00fcche mit deutlich mediterranem Einfluss. Reis, Fleisch, Fisch, Burger&#8230; immer nach traditioneller guter Arbeit.[\/vc_column_text][\/vc_column][\/vc_row][vc_row el_class=&#8220;room_info&#8220;][vc_column width=&#8220;1\/2&#8243;][vc_column_text] Das Restaurant Unser Restaurant, ein offener Raum mit Innenlounge, \u00fcberdachter Terrasse mit Blick auf den Pool und Au\u00dfenterrasse. Der perfekte Ort, um unsere K\u00fcche zu genie\u00dfen und vor allem einen angenehmen [&hellip;]<\/p>\n","protected":false},"author":8,"featured_media":6884,"parent":0,"menu_order":0,"comment_status":"closed","ping_status":"closed","template":"","meta":{"footnotes":""},"yoast_head":"<!-- This site is optimized with the Yoast SEO plugin v22.1 - https:\/\/yoast.com\/wordpress\/plugins\/seo\/ -->\n<title>Gastronomie - KIKOPARK RURAL<\/title>\n<meta name=\"robots\" content=\"index, follow, max-snippet:-1, max-image-preview:large, max-video-preview:-1\" \/>\n<link rel=\"canonical\" href=\"https:\/\/kikoparkrural.com\/de\/gastronomie\/\" \/>\n<meta property=\"og:locale\" content=\"de_DE\" \/>\n<meta property=\"og:type\" content=\"article\" \/>\n<meta property=\"og:title\" content=\"Gastronomie - KIKOPARK RURAL\" \/>\n<meta property=\"og:description\" content=\"[vc_row][vc_column][vc_column_text el_class=&#8220;rooms_titles_premium_plus gastronomia_title&#8220;]Innengastronomie[\/vc_column_text][vc_column_text el_class=&#8220;gastronomia_text entorno_text&#8220;]Genie\u00dfen Sie unsere valencianische Innenk\u00fcche mit deutlich mediterranem Einfluss. Reis, Fleisch, Fisch, Burger&#8230; immer nach traditioneller guter Arbeit.[\/vc_column_text][\/vc_column][\/vc_row][vc_row el_class=&#8220;room_info&#8220;][vc_column width=&#8220;1\/2&#8243;][vc_column_text] Das Restaurant Unser Restaurant, ein offener Raum mit Innenlounge, \u00fcberdachter Terrasse mit Blick auf den Pool und Au\u00dfenterrasse. Der perfekte Ort, um unsere K\u00fcche zu genie\u00dfen und vor allem einen angenehmen [&hellip;]\" \/>\n<meta property=\"og:url\" content=\"https:\/\/kikoparkrural.com\/de\/gastronomie\/\" \/>\n<meta property=\"og:site_name\" content=\"KIKOPARK RURAL\" \/>\n<meta property=\"article:modified_time\" content=\"2024-10-09T11:17:36+00:00\" \/>\n<meta property=\"og:image\" content=\"https:\/\/kikoparkrural.com\/wp-content\/uploads\/sites\/2\/2024\/10\/CABECERA-5.jpg\" \/>\n\t<meta property=\"og:image:width\" content=\"2560\" \/>\n\t<meta property=\"og:image:height\" content=\"740\" \/>\n\t<meta property=\"og:image:type\" content=\"image\/jpeg\" \/>\n<meta name=\"twitter:card\" content=\"summary_large_image\" \/>\n<meta name=\"twitter:label1\" content=\"Gesch\u00e4tzte Lesezeit\" \/>\n\t<meta name=\"twitter:data1\" content=\"1 Minute\" \/>\n<script type=\"application\/ld+json\" class=\"yoast-schema-graph\">{\"@context\":\"https:\/\/schema.org\",\"@graph\":[{\"@type\":\"WebPage\",\"@id\":\"https:\/\/kikoparkrural.com\/de\/gastronomie\/\",\"url\":\"https:\/\/kikoparkrural.com\/de\/gastronomie\/\",\"name\":\"Gastronomie - KIKOPARK RURAL\",\"isPartOf\":{\"@id\":\"https:\/\/kikoparkrural.com\/#website\"},\"datePublished\":\"2024-10-09T07:43:43+00:00\",\"dateModified\":\"2024-10-09T11:17:36+00:00\",\"breadcrumb\":{\"@id\":\"https:\/\/kikoparkrural.com\/de\/gastronomie\/#breadcrumb\"},\"inLanguage\":\"de-DE\",\"potentialAction\":[{\"@type\":\"ReadAction\",\"target\":[\"https:\/\/kikoparkrural.com\/de\/gastronomie\/\"]}]},{\"@type\":\"BreadcrumbList\",\"@id\":\"https:\/\/kikoparkrural.com\/de\/gastronomie\/#breadcrumb\",\"itemListElement\":[{\"@type\":\"ListItem\",\"position\":1,\"name\":\"Portada\",\"item\":\"https:\/\/kikoparkrural.com\/de\/\"},{\"@type\":\"ListItem\",\"position\":2,\"name\":\"Gastronomie\"}]},{\"@type\":\"WebSite\",\"@id\":\"https:\/\/kikoparkrural.com\/#website\",\"url\":\"https:\/\/kikoparkrural.com\/\",\"name\":\"KIKOPARK RURAL\",\"description\":\"Kikopark Rural Web Site\",\"potentialAction\":[{\"@type\":\"SearchAction\",\"target\":{\"@type\":\"EntryPoint\",\"urlTemplate\":\"https:\/\/kikoparkrural.com\/?s={search_term_string}\"},\"query-input\":\"required name=search_term_string\"}],\"inLanguage\":\"de-DE\"}]}<\/script>\n<!-- \/ Yoast SEO plugin. -->","yoast_head_json":{"title":"Gastronomie - KIKOPARK RURAL","robots":{"index":"index","follow":"follow","max-snippet":"max-snippet:-1","max-image-preview":"max-image-preview:large","max-video-preview":"max-video-preview:-1"},"canonical":"https:\/\/kikoparkrural.com\/de\/gastronomie\/","og_locale":"de_DE","og_type":"article","og_title":"Gastronomie - KIKOPARK RURAL","og_description":"[vc_row][vc_column][vc_column_text el_class=&#8220;rooms_titles_premium_plus gastronomia_title&#8220;]Innengastronomie[\/vc_column_text][vc_column_text el_class=&#8220;gastronomia_text entorno_text&#8220;]Genie\u00dfen Sie unsere valencianische Innenk\u00fcche mit deutlich mediterranem Einfluss. Reis, Fleisch, Fisch, Burger&#8230; immer nach traditioneller guter Arbeit.[\/vc_column_text][\/vc_column][\/vc_row][vc_row el_class=&#8220;room_info&#8220;][vc_column width=&#8220;1\/2&#8243;][vc_column_text] Das Restaurant Unser Restaurant, ein offener Raum mit Innenlounge, \u00fcberdachter Terrasse mit Blick auf den Pool und Au\u00dfenterrasse. Der perfekte Ort, um unsere K\u00fcche zu genie\u00dfen und vor allem einen angenehmen [&hellip;]","og_url":"https:\/\/kikoparkrural.com\/de\/gastronomie\/","og_site_name":"KIKOPARK RURAL","article_modified_time":"2024-10-09T11:17:36+00:00","og_image":[{"width":2560,"height":740,"url":"https:\/\/kikoparkrural.com\/wp-content\/uploads\/sites\/2\/2024\/10\/CABECERA-5.jpg","type":"image\/jpeg"}],"twitter_card":"summary_large_image","twitter_misc":{"Gesch\u00e4tzte Lesezeit":"1 Minute"},"schema":{"@context":"https:\/\/schema.org","@graph":[{"@type":"WebPage","@id":"https:\/\/kikoparkrural.com\/de\/gastronomie\/","url":"https:\/\/kikoparkrural.com\/de\/gastronomie\/","name":"Gastronomie - KIKOPARK RURAL","isPartOf":{"@id":"https:\/\/kikoparkrural.com\/#website"},"datePublished":"2024-10-09T07:43:43+00:00","dateModified":"2024-10-09T11:17:36+00:00","breadcrumb":{"@id":"https:\/\/kikoparkrural.com\/de\/gastronomie\/#breadcrumb"},"inLanguage":"de-DE","potentialAction":[{"@type":"ReadAction","target":["https:\/\/kikoparkrural.com\/de\/gastronomie\/"]}]},{"@type":"BreadcrumbList","@id":"https:\/\/kikoparkrural.com\/de\/gastronomie\/#breadcrumb","itemListElement":[{"@type":"ListItem","position":1,"name":"Portada","item":"https:\/\/kikoparkrural.com\/de\/"},{"@type":"ListItem","position":2,"name":"Gastronomie"}]},{"@type":"WebSite","@id":"https:\/\/kikoparkrural.com\/#website","url":"https:\/\/kikoparkrural.com\/","name":"KIKOPARK RURAL","description":"Kikopark Rural Web Site","potentialAction":[{"@type":"SearchAction","target":{"@type":"EntryPoint","urlTemplate":"https:\/\/kikoparkrural.com\/?s={search_term_string}"},"query-input":"required name=search_term_string"}],"inLanguage":"de-DE"}]}},"_links":{"self":[{"href":"https:\/\/kikoparkrural.com\/de\/wp-json\/wp\/v2\/pages\/7134"}],"collection":[{"href":"https:\/\/kikoparkrural.com\/de\/wp-json\/wp\/v2\/pages"}],"about":[{"href":"https:\/\/kikoparkrural.com\/de\/wp-json\/wp\/v2\/types\/page"}],"author":[{"embeddable":true,"href":"https:\/\/kikoparkrural.com\/de\/wp-json\/wp\/v2\/users\/8"}],"replies":[{"embeddable":true,"href":"https:\/\/kikoparkrural.com\/de\/wp-json\/wp\/v2\/comments?post=7134"}],"version-history":[{"count":4,"href":"https:\/\/kikoparkrural.com\/de\/wp-json\/wp\/v2\/pages\/7134\/revisions"}],"predecessor-version":[{"id":7211,"href":"https:\/\/kikoparkrural.com\/de\/wp-json\/wp\/v2\/pages\/7134\/revisions\/7211"}],"wp:featuredmedia":[{"embeddable":true,"href":"https:\/\/kikoparkrural.com\/de\/wp-json\/wp\/v2\/media\/6884"}],"wp:attachment":[{"href":"https:\/\/kikoparkrural.com\/de\/wp-json\/wp\/v2\/media?parent=7134"}],"curies":[{"name":"wp","href":"https:\/\/api.w.org\/{rel}","templated":true}]}}