{"id":7116,"date":"2024-10-09T07:31:51","date_gmt":"2024-10-09T07:31:51","guid":{"rendered":"https:\/\/kikoparkrural.com\/umwelt\/"},"modified":"2024-10-09T11:15:16","modified_gmt":"2024-10-09T11:15:16","slug":"umwelt","status":"publish","type":"page","link":"https:\/\/kikoparkrural.com\/de\/umwelt\/","title":{"rendered":"Umwelt"},"content":{"rendered":"<p>[vc_row][vc_column][vc_column_text el_class=&#8220;gastronomia_text entorno_text&#8220;]Liegt neben dem Contreras-Stausee, in der Umgebung des Naturparks Hoces del Cabriel. Ein idyllischer Ort purer Natur, eingebettet im Herzen einer Region, die ein Land des Weins und des Cava ist. Die Gastronomie ist ein grundlegendes Element, um das Erlebnis abzurunden.[\/vc_column_text][\/vc_column][\/vc_row][vc_row el_class=&#8220;room_info&#8220;][vc_column width=&#8220;1\/2&#8243;][vc_column_text]<\/p>\n<div class=\"kampexperience_aventura_der\">\n<h2 class=\"kampexperience_title\">Naturpark Las Hoces de Cabriel<\/h2>\n<p class=\"kampexperience_text\">Der Naturpark Hoces del Cabriel liegt im \u00e4u\u00dfersten S\u00fcdwesten der Region Plana de Utiel-Requena, wo der Fluss Cabriel als nat\u00fcrliche Grenze zwischen dem valencianischen Territorium und den Provinzen Kastilien-La Mancha fungiert Cuenca und Albacete sind das R\u00fcckgrat dieses reichen Naturraums. Im Jahr 2005 wurde er zum Naturpark erkl\u00e4rt. Mit 31.446 Hektar ist er der gr\u00f6\u00dfte Naturpark im Land Valencia. Der Park erstreckt sich \u00fcber die St\u00e4dte Villargordo del Cabriel, Venta del Moro und Requena.<\/p>\n<p class=\"kampexperience_text\">Der Contreras-Stausee liegt zwischen den Gemeinden Villargordo del Cabriel in der Provinz Valencia und La Pesquera, Mira, Engu\u00eddanos und Minglanilla in der Provinz Cuenca.<\/p>\n<\/div>\n<p>[\/vc_column_text][\/vc_column][vc_column width=&#8220;1\/2&#8243; el_class=&#8220;kampexperience_img&#8220;][vc_single_image image=&#8220;6869&#8243; img_size=&#8220;full&#8220; el_class=&#8220;kampexperience_img&#8220;][\/vc_column][\/vc_row][vc_row el_class=&#8220;room_info&#8220;][vc_column width=&#8220;1\/2&#8243; el_class=&#8220;kampexperience_img&#8220;][vc_single_image image=&#8220;6865&#8243; img_size=&#8220;full&#8220;][\/vc_column][vc_column width=&#8220;1\/2&#8243; el_class=&#8220;kampexperience_img&#8220;][vc_column_text]<\/p>\n<div class=\"kampexperience_aventura_der\">\n<h2 class=\"kampexperience_title\">Contreras-Stausee<\/h2>\n<p class=\"kampexperience_text\">Er liegt zwischen den Provinzen Cuenca und Valencia, ist 36 Kilometer lang und hat ein Fassungsverm\u00f6gen von 361 Kubikmetern. Sein Bau geht auf die 60er Jahre zur\u00fcck und w\u00fcrde die Umsiedlung zahlreicher Bev\u00f6lkerungsgruppen mit sich bringen, die in den Gebieten lebten, die vollst\u00e4ndig von Wasser bedeckt waren und die bereits im 16. Jahrhundert historische Bedeutung hatten, da Pers\u00f6nlichkeiten wie Karl V. im Laufe der Jahrhunderte dorthin gereist waren. Bekannt als das Gasthaus Pajazo neben der gleichnamigen Br\u00fccke, entworfen von Pere Comte, dem gleichen Architekten wie der Valencia-Markt.<\/p>\n<p class=\"kampexperience_text\">Derzeit versorgt der Contreras-Stausee Tausende Hektar Reisfelder und Orangenb\u00e4ume, die den J\u00facar-Turia-Kanal umgeben, und sorgt f\u00fcr die Versorgung der Stadt Valencia. Der Staudamm von Contreras geh\u00f6rt mit einer H\u00f6he von \u00fcber 139 m zu den f\u00fcnf h\u00f6chsten in Spanien.<\/p>\n<p class=\"kampexperience_text\">In den letzten Jahren wurde es als touristische Ressource von gro\u00dfem Wert beworben, da es uns erm\u00f6glicht, in seinem t\u00fcrkisblauen Wasser verschiedene Wasseraktivit\u00e4ten in einer Landschaft zu genie\u00dfen, die Natur und Fortschritt vereint.<\/p>\n<p class=\"kampexperience_text\">Finden Sie es mit uns heraus!<\/p>\n<\/div>\n<p>[\/vc_column_text][\/vc_column][\/vc_row][vc_row el_class=&#8220;room_info&#8220;][vc_column width=&#8220;1\/2&#8243;][vc_column_text]<\/p>\n<div class=\"kampexperience_aventura_der\">\n<h2 class=\"kampexperience_title\">Land des Weins und des Cava<\/h2>\n<p class=\"kampexperience_text\">Wir befinden uns im Herzen einer Region mit einer tief verwurzelten Weintradition. Die DO Utiel-Requena ist ein klarer Beweis f\u00fcr die Reife und Entwicklung eines Sektors, der bei der Herstellung hochwertiger Weine und Cavas eine Vorreiterrolle spielt. Das Land und das Klima mit mediterranen Merkmalen, aber auch kontinentalen Einfl\u00fcssen machen die Weine von Utiel-Requena zu etwas Besonderem, insbesondere die Rot- und Ros\u00e9weine aus der roten Rebsorte Bobal.<\/p>\n<p class=\"kampexperience_text\">Es empfiehlt sich, die zahlreichen Wein- und Cava-Kellereien zu besuchen, die nur wenige Kilometer von unserem Betrieb entfernt liegen. Wir k\u00f6nnen diese weintouristische Aktivit\u00e4t von unseren Einrichtungen aus verwalten.<\/p>\n<\/div>\n<p>[\/vc_column_text][\/vc_column][vc_column width=&#8220;1\/2&#8243; el_class=&#8220;kampexperience_img&#8220;][vc_single_image image=&#8220;6873&#8243; img_size=&#8220;full&#8220;][\/vc_column][\/vc_row]<\/p>\n","protected":false},"excerpt":{"rendered":"<p>[vc_row][vc_column][vc_column_text el_class=&#8220;gastronomia_text entorno_text&#8220;]Liegt neben dem Contreras-Stausee, in der Umgebung des Naturparks Hoces del Cabriel. Ein idyllischer Ort purer Natur, eingebettet im Herzen einer Region, die ein Land des Weins und des Cava ist. Die Gastronomie ist ein grundlegendes Element, um das Erlebnis abzurunden.[\/vc_column_text][\/vc_column][\/vc_row][vc_row el_class=&#8220;room_info&#8220;][vc_column width=&#8220;1\/2&#8243;][vc_column_text] Naturpark Las Hoces de Cabriel Der Naturpark Hoces del Cabriel [&hellip;]<\/p>\n","protected":false},"author":8,"featured_media":6864,"parent":0,"menu_order":0,"comment_status":"closed","ping_status":"closed","template":"","meta":{"footnotes":""},"yoast_head":"<!-- This site is optimized with the Yoast SEO plugin v22.1 - https:\/\/yoast.com\/wordpress\/plugins\/seo\/ -->\n<title>Umwelt - KIKOPARK RURAL<\/title>\n<meta name=\"robots\" content=\"index, follow, max-snippet:-1, max-image-preview:large, max-video-preview:-1\" \/>\n<link rel=\"canonical\" href=\"https:\/\/kikoparkrural.com\/de\/umwelt\/\" \/>\n<meta property=\"og:locale\" content=\"de_DE\" \/>\n<meta property=\"og:type\" content=\"article\" \/>\n<meta property=\"og:title\" content=\"Umwelt - KIKOPARK RURAL\" \/>\n<meta property=\"og:description\" content=\"[vc_row][vc_column][vc_column_text el_class=&#8220;gastronomia_text entorno_text&#8220;]Liegt neben dem Contreras-Stausee, in der Umgebung des Naturparks Hoces del Cabriel. Ein idyllischer Ort purer Natur, eingebettet im Herzen einer Region, die ein Land des Weins und des Cava ist. Die Gastronomie ist ein grundlegendes Element, um das Erlebnis abzurunden.[\/vc_column_text][\/vc_column][\/vc_row][vc_row el_class=&#8220;room_info&#8220;][vc_column width=&#8220;1\/2&#8243;][vc_column_text] Naturpark Las Hoces de Cabriel Der Naturpark Hoces del Cabriel [&hellip;]\" \/>\n<meta property=\"og:url\" content=\"https:\/\/kikoparkrural.com\/de\/umwelt\/\" \/>\n<meta property=\"og:site_name\" content=\"KIKOPARK RURAL\" \/>\n<meta property=\"article:modified_time\" content=\"2024-10-09T11:15:16+00:00\" \/>\n<meta property=\"og:image\" content=\"https:\/\/kikoparkrural.com\/wp-content\/uploads\/sites\/2\/2024\/10\/CABECERA-4.jpg\" \/>\n\t<meta property=\"og:image:width\" content=\"2560\" \/>\n\t<meta property=\"og:image:height\" content=\"740\" \/>\n\t<meta property=\"og:image:type\" content=\"image\/jpeg\" \/>\n<meta name=\"twitter:card\" content=\"summary_large_image\" \/>\n<meta name=\"twitter:label1\" content=\"Gesch\u00e4tzte Lesezeit\" \/>\n\t<meta name=\"twitter:data1\" content=\"3 Minuten\" \/>\n<script type=\"application\/ld+json\" class=\"yoast-schema-graph\">{\"@context\":\"https:\/\/schema.org\",\"@graph\":[{\"@type\":\"WebPage\",\"@id\":\"https:\/\/kikoparkrural.com\/de\/umwelt\/\",\"url\":\"https:\/\/kikoparkrural.com\/de\/umwelt\/\",\"name\":\"Umwelt - KIKOPARK RURAL\",\"isPartOf\":{\"@id\":\"https:\/\/kikoparkrural.com\/#website\"},\"datePublished\":\"2024-10-09T07:31:51+00:00\",\"dateModified\":\"2024-10-09T11:15:16+00:00\",\"breadcrumb\":{\"@id\":\"https:\/\/kikoparkrural.com\/de\/umwelt\/#breadcrumb\"},\"inLanguage\":\"de-DE\",\"potentialAction\":[{\"@type\":\"ReadAction\",\"target\":[\"https:\/\/kikoparkrural.com\/de\/umwelt\/\"]}]},{\"@type\":\"BreadcrumbList\",\"@id\":\"https:\/\/kikoparkrural.com\/de\/umwelt\/#breadcrumb\",\"itemListElement\":[{\"@type\":\"ListItem\",\"position\":1,\"name\":\"Portada\",\"item\":\"https:\/\/kikoparkrural.com\/de\/\"},{\"@type\":\"ListItem\",\"position\":2,\"name\":\"Umwelt\"}]},{\"@type\":\"WebSite\",\"@id\":\"https:\/\/kikoparkrural.com\/#website\",\"url\":\"https:\/\/kikoparkrural.com\/\",\"name\":\"KIKOPARK RURAL\",\"description\":\"Kikopark Rural Web Site\",\"potentialAction\":[{\"@type\":\"SearchAction\",\"target\":{\"@type\":\"EntryPoint\",\"urlTemplate\":\"https:\/\/kikoparkrural.com\/?s={search_term_string}\"},\"query-input\":\"required name=search_term_string\"}],\"inLanguage\":\"de-DE\"}]}<\/script>\n<!-- \/ Yoast SEO plugin. -->","yoast_head_json":{"title":"Umwelt - KIKOPARK RURAL","robots":{"index":"index","follow":"follow","max-snippet":"max-snippet:-1","max-image-preview":"max-image-preview:large","max-video-preview":"max-video-preview:-1"},"canonical":"https:\/\/kikoparkrural.com\/de\/umwelt\/","og_locale":"de_DE","og_type":"article","og_title":"Umwelt - KIKOPARK RURAL","og_description":"[vc_row][vc_column][vc_column_text el_class=&#8220;gastronomia_text entorno_text&#8220;]Liegt neben dem Contreras-Stausee, in der Umgebung des Naturparks Hoces del Cabriel. Ein idyllischer Ort purer Natur, eingebettet im Herzen einer Region, die ein Land des Weins und des Cava ist. Die Gastronomie ist ein grundlegendes Element, um das Erlebnis abzurunden.[\/vc_column_text][\/vc_column][\/vc_row][vc_row el_class=&#8220;room_info&#8220;][vc_column width=&#8220;1\/2&#8243;][vc_column_text] Naturpark Las Hoces de Cabriel Der Naturpark Hoces del Cabriel [&hellip;]","og_url":"https:\/\/kikoparkrural.com\/de\/umwelt\/","og_site_name":"KIKOPARK RURAL","article_modified_time":"2024-10-09T11:15:16+00:00","og_image":[{"width":2560,"height":740,"url":"https:\/\/kikoparkrural.com\/wp-content\/uploads\/sites\/2\/2024\/10\/CABECERA-4.jpg","type":"image\/jpeg"}],"twitter_card":"summary_large_image","twitter_misc":{"Gesch\u00e4tzte Lesezeit":"3 Minuten"},"schema":{"@context":"https:\/\/schema.org","@graph":[{"@type":"WebPage","@id":"https:\/\/kikoparkrural.com\/de\/umwelt\/","url":"https:\/\/kikoparkrural.com\/de\/umwelt\/","name":"Umwelt - KIKOPARK RURAL","isPartOf":{"@id":"https:\/\/kikoparkrural.com\/#website"},"datePublished":"2024-10-09T07:31:51+00:00","dateModified":"2024-10-09T11:15:16+00:00","breadcrumb":{"@id":"https:\/\/kikoparkrural.com\/de\/umwelt\/#breadcrumb"},"inLanguage":"de-DE","potentialAction":[{"@type":"ReadAction","target":["https:\/\/kikoparkrural.com\/de\/umwelt\/"]}]},{"@type":"BreadcrumbList","@id":"https:\/\/kikoparkrural.com\/de\/umwelt\/#breadcrumb","itemListElement":[{"@type":"ListItem","position":1,"name":"Portada","item":"https:\/\/kikoparkrural.com\/de\/"},{"@type":"ListItem","position":2,"name":"Umwelt"}]},{"@type":"WebSite","@id":"https:\/\/kikoparkrural.com\/#website","url":"https:\/\/kikoparkrural.com\/","name":"KIKOPARK RURAL","description":"Kikopark Rural Web Site","potentialAction":[{"@type":"SearchAction","target":{"@type":"EntryPoint","urlTemplate":"https:\/\/kikoparkrural.com\/?s={search_term_string}"},"query-input":"required name=search_term_string"}],"inLanguage":"de-DE"}]}},"_links":{"self":[{"href":"https:\/\/kikoparkrural.com\/de\/wp-json\/wp\/v2\/pages\/7116"}],"collection":[{"href":"https:\/\/kikoparkrural.com\/de\/wp-json\/wp\/v2\/pages"}],"about":[{"href":"https:\/\/kikoparkrural.com\/de\/wp-json\/wp\/v2\/types\/page"}],"author":[{"embeddable":true,"href":"https:\/\/kikoparkrural.com\/de\/wp-json\/wp\/v2\/users\/8"}],"replies":[{"embeddable":true,"href":"https:\/\/kikoparkrural.com\/de\/wp-json\/wp\/v2\/comments?post=7116"}],"version-history":[{"count":3,"href":"https:\/\/kikoparkrural.com\/de\/wp-json\/wp\/v2\/pages\/7116\/revisions"}],"predecessor-version":[{"id":7205,"href":"https:\/\/kikoparkrural.com\/de\/wp-json\/wp\/v2\/pages\/7116\/revisions\/7205"}],"wp:featuredmedia":[{"embeddable":true,"href":"https:\/\/kikoparkrural.com\/de\/wp-json\/wp\/v2\/media\/6864"}],"wp:attachment":[{"href":"https:\/\/kikoparkrural.com\/de\/wp-json\/wp\/v2\/media?parent=7116"}],"curies":[{"name":"wp","href":"https:\/\/api.w.org\/{rel}","templated":true}]}}