{"id":4795,"date":"2021-12-27T15:13:09","date_gmt":"2021-12-27T15:13:09","guid":{"rendered":"https:\/\/kikoparkrural.com\/einlagerung\/"},"modified":"2025-09-05T08:58:32","modified_gmt":"2025-09-05T08:58:32","slug":"aufenthalt","status":"publish","type":"page","link":"https:\/\/kikoparkrural.com\/de\/aufenthalt\/","title":{"rendered":"Einlagerung"},"content":{"rendered":"<p>[vc_row][vc_column][vc_column_text el_class=&#8220;reserva_ahora&#8220;]<a href=\"https:\/\/booking.kikoparkrural.com\/search?lang=de\"><span class=\"reserva_ahora_text\">Buchen Sie jetzt<\/span><\/a>[\/vc_column_text][\/vc_column][\/vc_row][vc_row][vc_column][vc_column_text el_class=&#8220;rooms_titles_premium_plus&#8220;]<\/p>\n<p style=\"text-align: center;\">Wie m\u00f6chtest du es leben?<\/p>\n<p>[\/vc_column_text][\/vc_column][\/vc_row][vc_row equal_height=&#8220;yes&#8220; el_class=&#8220;aventura_icon_container_par&#8220;][vc_column width=&#8220;1\/2&#8243; el_class=&#8220;aventura_img_izq&#8220;][vc_single_image image=&#8220;7758&#8243; img_size=&#8220;full&#8220;][\/vc_column][vc_column width=&#8220;1\/2&#8243; el_class=&#8220;aventura_img_der&#8220;][vc_column_text]<\/p>\n<div class=\"kampexperience_aventura_izq\">\n<h2 class=\"aventura_title\">Franz\u00f6sische H\u00fctten<\/h2>\n<p class=\"aventura_text\">Der Zauber des ruhigen Lebens am Stausee nimmt in unseren Franz\u00f6sischen H\u00fctten Gestalt an. Eine gem\u00fctliche, helle Unterkunft, umgeben von Natur. <\/p>\n<p><a class=\"btn btn btn-inv aventura_btn\" href=\"https:\/\/kikoparkrural.com\/de\/room\/franzoesische-huetten\/\" target=\"_self\" rel=\"noopener noreferrer\"><span class=\"aventura_btn_text\">Entdecken<\/span><\/a><\/p>\n<\/div>\n<p>[\/vc_column_text][\/vc_column][\/vc_row][vc_row equal_height=&#8220;yes&#8220;][vc_column width=&#8220;1\/2&#8243;][vc_column_text]<\/p>\n<div class=\"kampexperience_aventura_izq\">\n<h2 class=\"aventura_title\">Nordische H\u00fctten<\/h2>\n<p class=\"aventura_text\">Der Charme und die W\u00e4rme einer authentischen Holzh\u00fctte im nordischen Stil. Lausche der Natur von deiner Terrasse aus und schalte ab. <\/p>\n<p><a class=\"btn btn btn-inv aventura_btn\" href=\"https:\/\/kikoparkrural.com\/de\/room\/nordische-huetten\/\" target=\"_self\" rel=\"noopener noreferrer\"><span class=\"aventura_btn_text\">Entdecken<\/span><\/a><\/p>\n<\/div>\n<p>[\/vc_column_text][\/vc_column][vc_column width=&#8220;1\/2&#8243; el_class=&#8220;aventura_img_der&#8220;][vc_single_image image=&#8220;7762&#8243; img_size=&#8220;full&#8220;][\/vc_column][\/vc_row][vc_row equal_height=&#8220;yes&#8220; el_class=&#8220;aventura_icon_container_par&#8220;][vc_column width=&#8220;1\/2&#8243; el_class=&#8220;aventura_img_izq&#8220;][vc_single_image image=&#8220;6615&#8243; img_size=&#8220;full&#8220;][\/vc_column][vc_column width=&#8220;1\/2&#8243; el_class=&#8220;aventura_img_der&#8220;][vc_column_text]<\/p>\n<div class=\"kampexperience_aventura_izq\">\n<h2 class=\"aventura_title\">Stellpl\u00e4tze<\/h2>\n<p class=\"aventura_text\">Unsere gro\u00dfen Stellpl\u00e4tze sind komplett ausgestattet und f\u00fcr Wohnwagen- oder Wohnmobilliebhaber geeignet.<\/p>\n<p><a class=\"btn btn btn-inv aventura_btn\" href=\"https:\/\/kikoparkrural.com\/de\/room\/stellplaetze\/\" target=\"_self\" rel=\"noopener noreferrer\"><span class=\"aventura_btn_text\">Entdecken<\/span><\/a><\/p>\n<\/div>\n<p>[\/vc_column_text][\/vc_column][\/vc_row][vc_row equal_height=&#8220;yes&#8220;][vc_column width=&#8220;1\/2&#8243;][vc_column_text]<\/p>\n<div class=\"kampexperience_aventura_izq\">\n<h2 class=\"aventura_title\">Kiko&#8217;s Village<\/h2>\n<p class=\"aventura_text\">In einer Dorf leben, ohne in einer Dorf zu sein. Eine traditionelle Stra\u00dfe mitten im Berg. \u00dcbernachten Sie in einem Haus mit Sofa, Zimmer und Terrasse. Genie\u00dfen Sie Ihre m\u00f6blierte Terrasse mit direktem Zugang zum Poolbereich. <\/p>\n<p><a class=\"btn btn btn-inv aventura_btn\" href=\"https:\/\/kikoparkrural.com\/de\/room\/kikos-village\/\" target=\"_self\" rel=\"noopener noreferrer\"><span class=\"aventura_btn_text\">Entdecken<\/span><\/a><\/p>\n<\/div>\n<p>[\/vc_column_text][\/vc_column][vc_column width=&#8220;1\/2&#8243; el_class=&#8220;aventura_img_der&#8220;][vc_single_image image=&#8220;6611&#8243; img_size=&#8220;full&#8220;][\/vc_column][\/vc_row][vc_row equal_height=&#8220;yes&#8220; el_class=&#8220;aventura_icon_container_par&#8220;][vc_column width=&#8220;1\/2&#8243; el_class=&#8220;aventura_img_izq&#8220;][vc_single_image image=&#8220;6595&#8243; img_size=&#8220;full&#8220;][\/vc_column][vc_column width=&#8220;1\/2&#8243; el_class=&#8220;aventura_img_der&#8220;][vc_column_text]<\/p>\n<div class=\"kampexperience_aventura_izq\">\n<h2 class=\"aventura_title\">Herberge<\/h2>\n<p class=\"aventura_text\">Wohngemeinschaften, verteilt auf Zimmer mit 6, 10 und 12 Betten. Die Herberge verf\u00fcgt \u00fcber eine maximale Kapazit\u00e4t von 54 Betten. Es verf\u00fcgt \u00fcber Badezimmer, Duschen und Heizung.  <\/p>\n<p><a class=\"btn btn btn-inv aventura_btn\" href=\"https:\/\/kikoparkrural.com\/de\/room\/herberge\/\" target=\"_self\" rel=\"noopener noreferrer\"><span class=\"aventura_btn_text\">Entdecken<\/span><\/a><\/p>\n<\/div>\n<p>[\/vc_column_text][\/vc_column][\/vc_row][vc_row equal_height=&#8220;yes&#8220;][vc_column width=&#8220;1\/2&#8243;][vc_column_text]<\/p>\n<div class=\"kampexperience_aventura_izq\">\n<h2 class=\"aventura_title\">Glamping<\/h2>\n<p class=\"aventura_text\">Ger\u00e4umige und gem\u00fctliche Glamping-Zelte, ideal, um ein paar Tage Entspannung mitten in der Natur zu verbringen. W\u00e4hlen Sie Ihren Favoriten und genie\u00dfen Sie Camping. <\/p>\n<p><a class=\"btn btn btn-inv aventura_btn\" href=\"https:\/\/kikoparkrural.com\/de\/room\/glamping-kikopark\/\" target=\"_self\" rel=\"noopener noreferrer\"><span class=\"aventura_btn_text\">Entdecken<\/span><\/a><\/p>\n<\/div>\n<p>[\/vc_column_text][\/vc_column][vc_column width=&#8220;1\/2&#8243; el_class=&#8220;aventura_img_der&#8220;][vc_single_image image=&#8220;6607&#8243; img_size=&#8220;full&#8220;][\/vc_column][\/vc_row]<\/p>\n","protected":false},"excerpt":{"rendered":"<p>[vc_row][vc_column][vc_column_text el_class=&#8220;reserva_ahora&#8220;]Buchen Sie jetzt[\/vc_column_text][\/vc_column][\/vc_row][vc_row][vc_column][vc_column_text el_class=&#8220;rooms_titles_premium_plus&#8220;] Wie m\u00f6chtest du es leben? [\/vc_column_text][\/vc_column][\/vc_row][vc_row equal_height=&#8220;yes&#8220; el_class=&#8220;aventura_icon_container_par&#8220;][vc_column width=&#8220;1\/2&#8243; el_class=&#8220;aventura_img_izq&#8220;][vc_single_image image=&#8220;7758&#8243; img_size=&#8220;full&#8220;][\/vc_column][vc_column width=&#8220;1\/2&#8243; el_class=&#8220;aventura_img_der&#8220;][vc_column_text] Franz\u00f6sische H\u00fctten Der Zauber des ruhigen Lebens am Stausee nimmt in unseren Franz\u00f6sischen H\u00fctten Gestalt an. Eine gem\u00fctliche, helle Unterkunft, umgeben von Natur. Entdecken [\/vc_column_text][\/vc_column][\/vc_row][vc_row equal_height=&#8220;yes&#8220;][vc_column width=&#8220;1\/2&#8243;][vc_column_text] Nordische H\u00fctten Der Charme und die W\u00e4rme einer authentischen [&hellip;]<\/p>\n","protected":false},"author":8,"featured_media":6606,"parent":0,"menu_order":0,"comment_status":"closed","ping_status":"closed","template":"","meta":{"footnotes":""},"yoast_head":"<!-- This site is optimized with the Yoast SEO plugin v22.1 - https:\/\/yoast.com\/wordpress\/plugins\/seo\/ -->\n<title>Einlagerung - KIKOPARK RURAL<\/title>\n<meta name=\"robots\" content=\"index, follow, max-snippet:-1, max-image-preview:large, max-video-preview:-1\" \/>\n<link rel=\"canonical\" href=\"https:\/\/kikoparkrural.com\/de\/aufenthalt\/\" \/>\n<meta property=\"og:locale\" content=\"de_DE\" \/>\n<meta property=\"og:type\" content=\"article\" \/>\n<meta property=\"og:title\" content=\"Einlagerung - KIKOPARK RURAL\" \/>\n<meta property=\"og:description\" content=\"[vc_row][vc_column][vc_column_text el_class=&#8220;reserva_ahora&#8220;]Buchen Sie jetzt[\/vc_column_text][\/vc_column][\/vc_row][vc_row][vc_column][vc_column_text el_class=&#8220;rooms_titles_premium_plus&#8220;] Wie m\u00f6chtest du es leben? [\/vc_column_text][\/vc_column][\/vc_row][vc_row equal_height=&#8220;yes&#8220; el_class=&#8220;aventura_icon_container_par&#8220;][vc_column width=&#8220;1\/2&#8243; el_class=&#8220;aventura_img_izq&#8220;][vc_single_image image=&#8220;7758&#8243; img_size=&#8220;full&#8220;][\/vc_column][vc_column width=&#8220;1\/2&#8243; el_class=&#8220;aventura_img_der&#8220;][vc_column_text] Franz\u00f6sische H\u00fctten Der Zauber des ruhigen Lebens am Stausee nimmt in unseren Franz\u00f6sischen H\u00fctten Gestalt an. Eine gem\u00fctliche, helle Unterkunft, umgeben von Natur. Entdecken [\/vc_column_text][\/vc_column][\/vc_row][vc_row equal_height=&#8220;yes&#8220;][vc_column width=&#8220;1\/2&#8243;][vc_column_text] Nordische H\u00fctten Der Charme und die W\u00e4rme einer authentischen [&hellip;]\" \/>\n<meta property=\"og:url\" content=\"https:\/\/kikoparkrural.com\/de\/aufenthalt\/\" \/>\n<meta property=\"og:site_name\" content=\"KIKOPARK RURAL\" \/>\n<meta property=\"article:modified_time\" content=\"2025-09-05T08:58:32+00:00\" \/>\n<meta property=\"og:image\" content=\"https:\/\/kikoparkrural.com\/wp-content\/uploads\/sites\/2\/2024\/10\/CABECERA.jpg\" \/>\n\t<meta property=\"og:image:width\" content=\"2560\" \/>\n\t<meta property=\"og:image:height\" content=\"932\" \/>\n\t<meta property=\"og:image:type\" content=\"image\/jpeg\" \/>\n<meta name=\"twitter:card\" content=\"summary_large_image\" \/>\n<meta name=\"twitter:label1\" content=\"Gesch\u00e4tzte Lesezeit\" \/>\n\t<meta name=\"twitter:data1\" content=\"2 Minuten\" \/>\n<script type=\"application\/ld+json\" class=\"yoast-schema-graph\">{\"@context\":\"https:\/\/schema.org\",\"@graph\":[{\"@type\":\"WebPage\",\"@id\":\"https:\/\/kikoparkrural.com\/de\/aufenthalt\/\",\"url\":\"https:\/\/kikoparkrural.com\/de\/aufenthalt\/\",\"name\":\"Einlagerung - KIKOPARK RURAL\",\"isPartOf\":{\"@id\":\"https:\/\/kikoparkrural.com\/#website\"},\"datePublished\":\"2021-12-27T15:13:09+00:00\",\"dateModified\":\"2025-09-05T08:58:32+00:00\",\"breadcrumb\":{\"@id\":\"https:\/\/kikoparkrural.com\/de\/aufenthalt\/#breadcrumb\"},\"inLanguage\":\"de-DE\",\"potentialAction\":[{\"@type\":\"ReadAction\",\"target\":[\"https:\/\/kikoparkrural.com\/de\/aufenthalt\/\"]}]},{\"@type\":\"BreadcrumbList\",\"@id\":\"https:\/\/kikoparkrural.com\/de\/aufenthalt\/#breadcrumb\",\"itemListElement\":[{\"@type\":\"ListItem\",\"position\":1,\"name\":\"Portada\",\"item\":\"https:\/\/kikoparkrural.com\/de\/\"},{\"@type\":\"ListItem\",\"position\":2,\"name\":\"Einlagerung\"}]},{\"@type\":\"WebSite\",\"@id\":\"https:\/\/kikoparkrural.com\/#website\",\"url\":\"https:\/\/kikoparkrural.com\/\",\"name\":\"KIKOPARK RURAL\",\"description\":\"Kikopark Rural Web Site\",\"potentialAction\":[{\"@type\":\"SearchAction\",\"target\":{\"@type\":\"EntryPoint\",\"urlTemplate\":\"https:\/\/kikoparkrural.com\/?s={search_term_string}\"},\"query-input\":\"required name=search_term_string\"}],\"inLanguage\":\"de-DE\"}]}<\/script>\n<!-- \/ Yoast SEO plugin. -->","yoast_head_json":{"title":"Einlagerung - KIKOPARK RURAL","robots":{"index":"index","follow":"follow","max-snippet":"max-snippet:-1","max-image-preview":"max-image-preview:large","max-video-preview":"max-video-preview:-1"},"canonical":"https:\/\/kikoparkrural.com\/de\/aufenthalt\/","og_locale":"de_DE","og_type":"article","og_title":"Einlagerung - KIKOPARK RURAL","og_description":"[vc_row][vc_column][vc_column_text el_class=&#8220;reserva_ahora&#8220;]Buchen Sie jetzt[\/vc_column_text][\/vc_column][\/vc_row][vc_row][vc_column][vc_column_text el_class=&#8220;rooms_titles_premium_plus&#8220;] Wie m\u00f6chtest du es leben? [\/vc_column_text][\/vc_column][\/vc_row][vc_row equal_height=&#8220;yes&#8220; el_class=&#8220;aventura_icon_container_par&#8220;][vc_column width=&#8220;1\/2&#8243; el_class=&#8220;aventura_img_izq&#8220;][vc_single_image image=&#8220;7758&#8243; img_size=&#8220;full&#8220;][\/vc_column][vc_column width=&#8220;1\/2&#8243; el_class=&#8220;aventura_img_der&#8220;][vc_column_text] Franz\u00f6sische H\u00fctten Der Zauber des ruhigen Lebens am Stausee nimmt in unseren Franz\u00f6sischen H\u00fctten Gestalt an. Eine gem\u00fctliche, helle Unterkunft, umgeben von Natur. Entdecken [\/vc_column_text][\/vc_column][\/vc_row][vc_row equal_height=&#8220;yes&#8220;][vc_column width=&#8220;1\/2&#8243;][vc_column_text] Nordische H\u00fctten Der Charme und die W\u00e4rme einer authentischen [&hellip;]","og_url":"https:\/\/kikoparkrural.com\/de\/aufenthalt\/","og_site_name":"KIKOPARK RURAL","article_modified_time":"2025-09-05T08:58:32+00:00","og_image":[{"width":2560,"height":932,"url":"https:\/\/kikoparkrural.com\/wp-content\/uploads\/sites\/2\/2024\/10\/CABECERA.jpg","type":"image\/jpeg"}],"twitter_card":"summary_large_image","twitter_misc":{"Gesch\u00e4tzte Lesezeit":"2 Minuten"},"schema":{"@context":"https:\/\/schema.org","@graph":[{"@type":"WebPage","@id":"https:\/\/kikoparkrural.com\/de\/aufenthalt\/","url":"https:\/\/kikoparkrural.com\/de\/aufenthalt\/","name":"Einlagerung - KIKOPARK RURAL","isPartOf":{"@id":"https:\/\/kikoparkrural.com\/#website"},"datePublished":"2021-12-27T15:13:09+00:00","dateModified":"2025-09-05T08:58:32+00:00","breadcrumb":{"@id":"https:\/\/kikoparkrural.com\/de\/aufenthalt\/#breadcrumb"},"inLanguage":"de-DE","potentialAction":[{"@type":"ReadAction","target":["https:\/\/kikoparkrural.com\/de\/aufenthalt\/"]}]},{"@type":"BreadcrumbList","@id":"https:\/\/kikoparkrural.com\/de\/aufenthalt\/#breadcrumb","itemListElement":[{"@type":"ListItem","position":1,"name":"Portada","item":"https:\/\/kikoparkrural.com\/de\/"},{"@type":"ListItem","position":2,"name":"Einlagerung"}]},{"@type":"WebSite","@id":"https:\/\/kikoparkrural.com\/#website","url":"https:\/\/kikoparkrural.com\/","name":"KIKOPARK RURAL","description":"Kikopark Rural Web Site","potentialAction":[{"@type":"SearchAction","target":{"@type":"EntryPoint","urlTemplate":"https:\/\/kikoparkrural.com\/?s={search_term_string}"},"query-input":"required name=search_term_string"}],"inLanguage":"de-DE"}]}},"_links":{"self":[{"href":"https:\/\/kikoparkrural.com\/de\/wp-json\/wp\/v2\/pages\/4795"}],"collection":[{"href":"https:\/\/kikoparkrural.com\/de\/wp-json\/wp\/v2\/pages"}],"about":[{"href":"https:\/\/kikoparkrural.com\/de\/wp-json\/wp\/v2\/types\/page"}],"author":[{"embeddable":true,"href":"https:\/\/kikoparkrural.com\/de\/wp-json\/wp\/v2\/users\/8"}],"replies":[{"embeddable":true,"href":"https:\/\/kikoparkrural.com\/de\/wp-json\/wp\/v2\/comments?post=4795"}],"version-history":[{"count":36,"href":"https:\/\/kikoparkrural.com\/de\/wp-json\/wp\/v2\/pages\/4795\/revisions"}],"predecessor-version":[{"id":8034,"href":"https:\/\/kikoparkrural.com\/de\/wp-json\/wp\/v2\/pages\/4795\/revisions\/8034"}],"wp:featuredmedia":[{"embeddable":true,"href":"https:\/\/kikoparkrural.com\/de\/wp-json\/wp\/v2\/media\/6606"}],"wp:attachment":[{"href":"https:\/\/kikoparkrural.com\/de\/wp-json\/wp\/v2\/media?parent=4795"}],"curies":[{"name":"wp","href":"https:\/\/api.w.org\/{rel}","templated":true}]}}